{"id":7525,"date":"2021-01-15T14:39:30","date_gmt":"2021-01-15T14:39:30","guid":{"rendered":"https:\/\/hupdata.com\/academy\/?page_id=7525"},"modified":"2024-05-29T13:25:18","modified_gmt":"2024-05-29T13:25:18","slug":"cheatsheetbeginners","status":"publish","type":"page","link":"https:\/\/hupdata.com\/academy\/cheatsheetbeginners\/","title":{"rendered":"Folha de Dicas para Iniciantes KNIME: Cadastramento"},"content":{"rendered":"\t\t<div data-elementor-type=\"wp-page\" data-elementor-id=\"7525\" class=\"elementor elementor-7525\" data-elementor-post-type=\"page\">\n\t\t\t\t\t\t<section class=\"elementor-section elementor-top-section elementor-element elementor-element-5a82523 elementor-section-boxed elementor-section-height-default elementor-section-height-default\" data-id=\"5a82523\" data-element_type=\"section\">\n\t\t\t\t\t\t<div class=\"elementor-container elementor-column-gap-default\">\n\t\t\t\t\t<div class=\"elementor-column elementor-col-100 elementor-top-column elementor-element elementor-element-987cd14\" data-id=\"987cd14\" data-element_type=\"column\" data-settings=\"{&quot;background_background&quot;:&quot;classic&quot;}\">\n\t\t\t<div class=\"elementor-widget-wrap elementor-element-populated\">\n\t\t\t\t\t\t<div class=\"elementor-element elementor-element-15b5b7d elementor-widget elementor-widget-spacer\" data-id=\"15b5b7d\" data-element_type=\"widget\" data-widget_type=\"spacer.default\">\n\t\t\t\t<div class=\"elementor-widget-container\">\n\t\t\t\t\t\t\t<div class=\"elementor-spacer\">\n\t\t\t<div class=\"elementor-spacer-inner\"><\/div>\n\t\t<\/div>\n\t\t\t\t\t\t<\/div>\n\t\t\t\t<\/div>\n\t\t\t\t<div class=\"elementor-element elementor-element-1aba3c9 elementor-widget elementor-widget-spacer\" data-id=\"1aba3c9\" data-element_type=\"widget\" data-widget_type=\"spacer.default\">\n\t\t\t\t<div class=\"elementor-widget-container\">\n\t\t\t\t\t\t\t<div class=\"elementor-spacer\">\n\t\t\t<div class=\"elementor-spacer-inner\"><\/div>\n\t\t<\/div>\n\t\t\t\t\t\t<\/div>\n\t\t\t\t<\/div>\n\t\t\t\t<div class=\"elementor-element elementor-element-9ad01fe elementor-widget elementor-widget-heading\" data-id=\"9ad01fe\" data-element_type=\"widget\" data-widget_type=\"heading.default\">\n\t\t\t\t<div class=\"elementor-widget-container\">\n\t\t\t\t\t<h2 class=\"elementor-heading-title elementor-size-default\">Folha de dicas para iniciantes KNIME<\/h2>\t\t\t\t<\/div>\n\t\t\t\t<\/div>\n\t\t\t\t<div class=\"elementor-element elementor-element-5e34fcf elementor-widget elementor-widget-heading\" data-id=\"5e34fcf\" data-element_type=\"widget\" data-widget_type=\"heading.default\">\n\t\t\t\t<div class=\"elementor-widget-container\">\n\t\t\t\t\t<h2 class=\"elementor-heading-title elementor-size-default\">Como construir um processo de An\u00e1lise de dados<\/h2>\t\t\t\t<\/div>\n\t\t\t\t<\/div>\n\t\t\t\t<div class=\"elementor-element elementor-element-9b0b7f8 elementor-widget elementor-widget-text-editor\" data-id=\"9b0b7f8\" data-element_type=\"widget\" data-widget_type=\"text-editor.default\">\n\t\t\t\t<div class=\"elementor-widget-container\">\n\t\t\t\t\t\t\t\t\t<p>Saiba tudo o que voc\u00ea precisa para desenvolver o seu processo de Data Analytics &#8211; desde a leitura de dados, explora\u00e7\u00e3o e transforma\u00e7\u00e3o de dados at\u00e9 a an\u00e1lise e implanta\u00e7\u00e3o, utilizando a plataforma <strong>KNIME Analytics<\/strong><\/p>\t\t\t\t\t\t\t\t<\/div>\n\t\t\t\t<\/div>\n\t\t\t\t<div class=\"elementor-element elementor-element-09fb9ef elementor-align-left elementor-icon-list--layout-traditional elementor-list-item-link-full_width elementor-widget elementor-widget-icon-list\" data-id=\"09fb9ef\" data-element_type=\"widget\" data-widget_type=\"icon-list.default\">\n\t\t\t\t<div class=\"elementor-widget-container\">\n\t\t\t\t\t\t\t<ul class=\"elementor-icon-list-items\">\n\t\t\t\t\t\t\t<li class=\"elementor-icon-list-item\">\n\t\t\t\t\t\t\t\t\t\t\t<span class=\"elementor-icon-list-icon\">\n\t\t\t\t\t\t\t<i aria-hidden=\"true\" class=\"fas fa-check\"><\/i>\t\t\t\t\t\t<\/span>\n\t\t\t\t\t\t\t\t\t\t<span class=\"elementor-icon-list-text\">Lendo os dados<\/span>\n\t\t\t\t\t\t\t\t\t<\/li>\n\t\t\t\t\t\t\t\t<li class=\"elementor-icon-list-item\">\n\t\t\t\t\t\t\t\t\t\t\t<span class=\"elementor-icon-list-icon\">\n\t\t\t\t\t\t\t<i aria-hidden=\"true\" class=\"fas fa-check\"><\/i>\t\t\t\t\t\t<\/span>\n\t\t\t\t\t\t\t\t\t\t<span class=\"elementor-icon-list-text\">Explorando e Visualizando dados<\/span>\n\t\t\t\t\t\t\t\t\t<\/li>\n\t\t\t\t\t\t\t\t<li class=\"elementor-icon-list-item\">\n\t\t\t\t\t\t\t\t\t\t\t<span class=\"elementor-icon-list-icon\">\n\t\t\t\t\t\t\t<i aria-hidden=\"true\" class=\"fas fa-check\"><\/i>\t\t\t\t\t\t<\/span>\n\t\t\t\t\t\t\t\t\t\t<span class=\"elementor-icon-list-text\">Transformando e Manipulando dados<\/span>\n\t\t\t\t\t\t\t\t\t<\/li>\n\t\t\t\t\t\t\t\t<li class=\"elementor-icon-list-item\">\n\t\t\t\t\t\t\t\t\t\t\t<span class=\"elementor-icon-list-icon\">\n\t\t\t\t\t\t\t<i aria-hidden=\"true\" class=\"fas fa-check\"><\/i>\t\t\t\t\t\t<\/span>\n\t\t\t\t\t\t\t\t\t\t<span class=\"elementor-icon-list-text\">Deploy dos dados em produ\u00e7\u00e3o\u200b<\/span>\n\t\t\t\t\t\t\t\t\t<\/li>\n\t\t\t\t\t\t<\/ul>\n\t\t\t\t\t\t<\/div>\n\t\t\t\t<\/div>\n\t\t\t\t\t<\/div>\n\t\t<\/div>\n\t\t\t\t\t<\/div>\n\t\t<\/section>\n\t\t\t\t<section class=\"elementor-section elementor-top-section elementor-element elementor-element-f19dc8e elementor-section-boxed elementor-section-height-default elementor-section-height-default\" data-id=\"f19dc8e\" data-element_type=\"section\">\n\t\t\t\t\t\t<div class=\"elementor-container elementor-column-gap-default\">\n\t\t\t\t\t<div class=\"elementor-column elementor-col-100 elementor-top-column elementor-element elementor-element-c3b175e\" data-id=\"c3b175e\" data-element_type=\"column\">\n\t\t\t<div class=\"elementor-widget-wrap elementor-element-populated\">\n\t\t\t\t\t\t<div class=\"elementor-element elementor-element-52f0fc0 elementor-widget elementor-widget-heading\" data-id=\"52f0fc0\" data-element_type=\"widget\" data-widget_type=\"heading.default\">\n\t\t\t\t<div class=\"elementor-widget-container\">\n\t\t\t\t\t<h2 class=\"elementor-heading-title elementor-size-default\">Preencha o Formul\u00e1rio para receber o nosso Sheet<\/h2>\t\t\t\t<\/div>\n\t\t\t\t<\/div>\n\t\t\t\t<div class=\"elementor-element elementor-element-2aa2647 elementor-widget__width-initial elementor-widget elementor-widget-shortcode\" data-id=\"2aa2647\" data-element_type=\"widget\" data-widget_type=\"shortcode.default\">\n\t\t\t\t<div class=\"elementor-widget-container\">\n\t\t\t\t\t\t\t<div class=\"elementor-shortcode\"><iframe width=\"540\" height=\"305\" src=\"https:\/\/dfd217d8.sibforms.com\/serve\/MUIFABrz6kD9vrogp85TAMpEiJWc8AqAAB5fmdc_8JT7o2o3hP8irvADn-omLDPZpW4wpORThOwK88pXdovBcuD50qoOIp3Xw0Z8NaBiS0UoifKK3nO4-Hj-LA48PuWdrWz6cRtRIf9DgTbIPaCPVBFVn-zzFhyMLeTx8oHeFxpWQqreVv0mNawvhy9oqUNJD8uuO740zgbknpor\" frameborder=\"0\" scrolling=\"auto\" allowfullscreen style=\"display: block;margin-left: auto;margin-right: auto;max-width: 100%;\"><\/iframe><\/div>\n\t\t\t\t\t\t<\/div>\n\t\t\t\t<\/div>\n\t\t\t\t\t<\/div>\n\t\t<\/div>\n\t\t\t\t\t<\/div>\n\t\t<\/section>\n\t\t\t\t<section class=\"elementor-section elementor-top-section elementor-element elementor-element-ba33b3c elementor-section-content-middle elementor-section-boxed elementor-section-height-default elementor-section-height-default\" data-id=\"ba33b3c\" data-element_type=\"section\" data-settings=\"{&quot;background_background&quot;:&quot;classic&quot;}\">\n\t\t\t\t\t\t<div class=\"elementor-container elementor-column-gap-default\">\n\t\t\t\t\t<div class=\"elementor-column elementor-col-100 elementor-top-column elementor-element elementor-element-e9614cc\" data-id=\"e9614cc\" data-element_type=\"column\" data-settings=\"{&quot;background_background&quot;:&quot;classic&quot;}\">\n\t\t\t<div class=\"elementor-widget-wrap elementor-element-populated\">\n\t\t\t\t\t\t<div class=\"elementor-element elementor-element-9b37fd3 elementor-widget elementor-widget-heading\" data-id=\"9b37fd3\" data-element_type=\"widget\" data-widget_type=\"heading.default\">\n\t\t\t\t<div class=\"elementor-widget-container\">\n\t\t\t\t\t<h2 class=\"elementor-heading-title elementor-size-default\">Construindo workflows KNIME para iniciantes<\/h2>\t\t\t\t<\/div>\n\t\t\t\t<\/div>\n\t\t\t\t<div class=\"elementor-element elementor-element-c98ac47 elementor-widget elementor-widget-text-editor\" data-id=\"c98ac47\" data-element_type=\"widget\" data-widget_type=\"text-editor.default\">\n\t\t\t\t<div class=\"elementor-widget-container\">\n\t\t\t\t\t\t\t\t\t<p><span style=\"color: #ffffff;\">Esta folha de dicas cobre tudo que um iniciante precisa saber &#8211; desde a leitura de dados, a explora\u00e7\u00e3o e transforma\u00e7\u00e3o de dados, at\u00e9 a an\u00e1lise e implanta\u00e7\u00e3o<\/span><\/p>\t\t\t\t\t\t\t\t<\/div>\n\t\t\t\t<\/div>\n\t\t\t\t\t<\/div>\n\t\t<\/div>\n\t\t\t\t\t<\/div>\n\t\t<\/section>\n\t\t\t\t<section class=\"elementor-section elementor-top-section elementor-element elementor-element-2cea500 elementor-section-boxed elementor-section-height-default elementor-section-height-default\" data-id=\"2cea500\" data-element_type=\"section\">\n\t\t\t\t\t\t<div class=\"elementor-container elementor-column-gap-default\">\n\t\t\t\t\t<div class=\"elementor-column elementor-col-100 elementor-top-column elementor-element elementor-element-eb31be1\" data-id=\"eb31be1\" data-element_type=\"column\">\n\t\t\t<div class=\"elementor-widget-wrap elementor-element-populated\">\n\t\t\t\t\t\t<div class=\"elementor-element elementor-element-b9cbdc9 elementor-widget elementor-widget-heading\" data-id=\"b9cbdc9\" data-element_type=\"widget\" data-widget_type=\"heading.default\">\n\t\t\t\t<div class=\"elementor-widget-container\">\n\t\t\t\t\t<h2 class=\"elementor-heading-title elementor-size-default\">Somos parceiros KNIME no Brasil<\/h2>\t\t\t\t<\/div>\n\t\t\t\t<\/div>\n\t\t\t\t\t<\/div>\n\t\t<\/div>\n\t\t\t\t\t<\/div>\n\t\t<\/section>\n\t\t\t\t<section class=\"elementor-section elementor-top-section elementor-element elementor-element-0a74091 elementor-section-content-middle elementor-section-boxed elementor-section-height-default elementor-section-height-default\" data-id=\"0a74091\" data-element_type=\"section\">\n\t\t\t\t\t\t<div class=\"elementor-container elementor-column-gap-default\">\n\t\t\t\t\t<div class=\"elementor-column elementor-col-25 elementor-top-column elementor-element elementor-element-481c2cf\" data-id=\"481c2cf\" data-element_type=\"column\">\n\t\t\t<div class=\"elementor-widget-wrap\">\n\t\t\t\t\t\t\t<\/div>\n\t\t<\/div>\n\t\t\t\t<div class=\"elementor-column elementor-col-25 elementor-top-column elementor-element elementor-element-f940e33\" data-id=\"f940e33\" data-element_type=\"column\">\n\t\t\t<div class=\"elementor-widget-wrap elementor-element-populated\">\n\t\t\t\t\t\t<div class=\"elementor-element elementor-element-5f94ba1 elementor-widget elementor-widget-image\" data-id=\"5f94ba1\" data-element_type=\"widget\" data-widget_type=\"image.default\">\n\t\t\t\t<div class=\"elementor-widget-container\">\n\t\t\t\t\t\t\t\t\t\t\t\t\t\t\t<img fetchpriority=\"high\" decoding=\"async\" width=\"490\" height=\"170\" src=\"https:\/\/hupdata.com\/academy\/wp-content\/uploads\/2024\/05\/Logo_Hupdata_horizontal-1.webp\" class=\"attachment-large size-large wp-image-14763\" alt=\"\" srcset=\"https:\/\/hupdata.com\/academy\/wp-content\/uploads\/2024\/05\/Logo_Hupdata_horizontal-1.webp 490w, https:\/\/hupdata.com\/academy\/wp-content\/uploads\/2024\/05\/Logo_Hupdata_horizontal-1-300x104.webp 300w\" sizes=\"(max-width: 490px) 100vw, 490px\" \/>\t\t\t\t\t\t\t\t\t\t\t\t\t\t\t<\/div>\n\t\t\t\t<\/div>\n\t\t\t\t\t<\/div>\n\t\t<\/div>\n\t\t\t\t<div class=\"elementor-column elementor-col-25 elementor-top-column elementor-element elementor-element-57e76c1\" data-id=\"57e76c1\" data-element_type=\"column\">\n\t\t\t<div class=\"elementor-widget-wrap elementor-element-populated\">\n\t\t\t\t\t\t<div class=\"elementor-element elementor-element-df894d7 elementor-widget elementor-widget-image\" data-id=\"df894d7\" data-element_type=\"widget\" data-widget_type=\"image.default\">\n\t\t\t\t<div class=\"elementor-widget-container\">\n\t\t\t\t\t\t\t\t\t\t\t\t\t\t\t<img decoding=\"async\" width=\"800\" height=\"209\" src=\"https:\/\/hupdata.com\/academy\/wp-content\/uploads\/2022\/05\/knime-personal-productivity.master-1024x267.png\" class=\"attachment-large size-large wp-image-11175\" alt=\"\" srcset=\"https:\/\/hupdata.com\/academy\/wp-content\/uploads\/2022\/05\/knime-personal-productivity.master-1024x267.png 1024w, https:\/\/hupdata.com\/academy\/wp-content\/uploads\/2022\/05\/knime-personal-productivity.master-300x78.png 300w, https:\/\/hupdata.com\/academy\/wp-content\/uploads\/2022\/05\/knime-personal-productivity.master-768x200.png 768w, https:\/\/hupdata.com\/academy\/wp-content\/uploads\/2022\/05\/knime-personal-productivity.master-1536x401.png 1536w, https:\/\/hupdata.com\/academy\/wp-content\/uploads\/2022\/05\/knime-personal-productivity.master.png 2048w\" sizes=\"(max-width: 800px) 100vw, 800px\" \/>\t\t\t\t\t\t\t\t\t\t\t\t\t\t\t<\/div>\n\t\t\t\t<\/div>\n\t\t\t\t\t<\/div>\n\t\t<\/div>\n\t\t\t\t<div class=\"elementor-column elementor-col-25 elementor-top-column elementor-element elementor-element-6e1e74b\" data-id=\"6e1e74b\" data-element_type=\"column\">\n\t\t\t<div class=\"elementor-widget-wrap\">\n\t\t\t\t\t\t\t<\/div>\n\t\t<\/div>\n\t\t\t\t\t<\/div>\n\t\t<\/section>\n\t\t\t\t<section class=\"elementor-section elementor-top-section elementor-element elementor-element-34a8a66 elementor-section-boxed elementor-section-height-default elementor-section-height-default\" data-id=\"34a8a66\" data-element_type=\"section\" data-settings=\"{&quot;background_background&quot;:&quot;classic&quot;}\">\n\t\t\t\t\t\t<div class=\"elementor-container elementor-column-gap-default\">\n\t\t\t\t\t<div class=\"elementor-column elementor-col-100 elementor-top-column elementor-element elementor-element-29a75f6\" data-id=\"29a75f6\" data-element_type=\"column\">\n\t\t\t<div class=\"elementor-widget-wrap elementor-element-populated\">\n\t\t\t\t\t\t<div class=\"elementor-element elementor-element-ea3307f elementor-widget elementor-widget-heading\" data-id=\"ea3307f\" data-element_type=\"widget\" data-widget_type=\"heading.default\">\n\t\t\t\t<div class=\"elementor-widget-container\">\n\t\t\t\t\t<p class=\"elementor-heading-title elementor-size-default\">Hupdata - Empowering people to make data driven decisions | Copyright \u00a9 2024 - Todos os direitos reservados <\/p>\t\t\t\t<\/div>\n\t\t\t\t<\/div>\n\t\t\t\t\t<\/div>\n\t\t<\/div>\n\t\t\t\t\t<\/div>\n\t\t<\/section>\n\t\t\t\t<\/div>\n\t\t","protected":false},"excerpt":{"rendered":"<p>Folha de dicas para iniciantes KNIME Como construir um processo de An\u00e1lise de dados Saiba tudo o que voc\u00ea precisa para desenvolver o seu processo de Data Analytics &#8211; desde a leitura de dados, explora\u00e7\u00e3o e transforma\u00e7\u00e3o de dados at\u00e9 a an\u00e1lise e implanta\u00e7\u00e3o, utilizando a plataforma KNIME Analytics Lendo os dados Explorando e Visualizando [&hellip;]<\/p>\n","protected":false},"author":1,"featured_media":0,"parent":0,"menu_order":0,"comment_status":"closed","ping_status":"closed","template":"elementor_canvas","meta":{"_monsterinsights_skip_tracking":false,"_monsterinsights_sitenote_active":false,"_monsterinsights_sitenote_note":"","_monsterinsights_sitenote_category":0,"footnotes":""},"class_list":["post-7525","page","type-page","status-publish","hentry"],"yoast_head":"<!-- This site is optimized with the Yoast SEO plugin v26.8 - https:\/\/yoast.com\/product\/yoast-seo-wordpress\/ -->\n<title>Folha de Dicas para Iniciantes na plataforma KNIME Analytics - Hupdata<\/title>\n<meta name=\"description\" content=\"Folha de dicas com tudo que um iniciante precisa saber para criar seu primeiro processo de an\u00e1lise de dados com KNIME do inicio ao Fim.\" \/>\n<meta name=\"robots\" content=\"index, follow, max-snippet:-1, max-image-preview:large, max-video-preview:-1\" \/>\n<meta property=\"og:locale\" content=\"pt_BR\" \/>\n<meta property=\"og:type\" content=\"article\" \/>\n<meta property=\"og:title\" content=\"Folha de Dicas para Iniciantes na plataforma KNIME Analytics - Hupdata\" \/>\n<meta property=\"og:description\" content=\"Folha de dicas com tudo que um iniciante precisa saber para criar seu primeiro processo de an\u00e1lise de dados com KNIME do inicio ao Fim.\" \/>\n<meta property=\"og:url\" content=\"https:\/\/hupdata.com\/academy\/cheatsheetbeginners\/\" \/>\n<meta property=\"og:site_name\" content=\"HupData\" \/>\n<meta property=\"article:publisher\" content=\"https:\/\/www.facebook.com\/hupdata\/\" \/>\n<meta property=\"article:modified_time\" content=\"2024-05-29T13:25:18+00:00\" \/>\n<meta property=\"og:image\" content=\"https:\/\/hupdata.com\/academy\/wp-content\/uploads\/2024\/05\/Logo_Hupdata_horizontal-1.webp\" \/>\n<meta name=\"twitter:card\" content=\"summary_large_image\" \/>\n<meta name=\"twitter:label1\" content=\"Est. tempo de leitura\" \/>\n\t<meta name=\"twitter:data1\" content=\"2 minutos\" \/>\n<script type=\"application\/ld+json\" class=\"yoast-schema-graph\">{\"@context\":\"https:\/\/schema.org\",\"@graph\":[{\"@type\":\"WebPage\",\"@id\":\"https:\/\/hupdata.com\/academy\/cheatsheetbeginners\/\",\"url\":\"https:\/\/hupdata.com\/academy\/cheatsheetbeginners\/\",\"name\":\"Folha de Dicas para Iniciantes na plataforma KNIME Analytics - Hupdata\",\"isPartOf\":{\"@id\":\"https:\/\/hupdata.com\/academy\/#website\"},\"primaryImageOfPage\":{\"@id\":\"https:\/\/hupdata.com\/academy\/cheatsheetbeginners\/#primaryimage\"},\"image\":{\"@id\":\"https:\/\/hupdata.com\/academy\/cheatsheetbeginners\/#primaryimage\"},\"thumbnailUrl\":\"https:\/\/hupdata.com\/academy\/wp-content\/uploads\/2024\/05\/Logo_Hupdata_horizontal-1.webp\",\"datePublished\":\"2021-01-15T14:39:30+00:00\",\"dateModified\":\"2024-05-29T13:25:18+00:00\",\"description\":\"Folha de dicas com tudo que um iniciante precisa saber para criar seu primeiro processo de an\u00e1lise de dados com KNIME do inicio ao Fim.\",\"breadcrumb\":{\"@id\":\"https:\/\/hupdata.com\/academy\/cheatsheetbeginners\/#breadcrumb\"},\"inLanguage\":\"pt-BR\",\"potentialAction\":[{\"@type\":\"ReadAction\",\"target\":[\"https:\/\/hupdata.com\/academy\/cheatsheetbeginners\/\"]}]},{\"@type\":\"ImageObject\",\"inLanguage\":\"pt-BR\",\"@id\":\"https:\/\/hupdata.com\/academy\/cheatsheetbeginners\/#primaryimage\",\"url\":\"https:\/\/hupdata.com\/academy\/wp-content\/uploads\/2024\/05\/Logo_Hupdata_horizontal-1.webp\",\"contentUrl\":\"https:\/\/hupdata.com\/academy\/wp-content\/uploads\/2024\/05\/Logo_Hupdata_horizontal-1.webp\",\"width\":490,\"height\":170},{\"@type\":\"BreadcrumbList\",\"@id\":\"https:\/\/hupdata.com\/academy\/cheatsheetbeginners\/#breadcrumb\",\"itemListElement\":[{\"@type\":\"ListItem\",\"position\":1,\"name\":\"In\u00edcio\",\"item\":\"https:\/\/hupdata.com\/academy\/\"},{\"@type\":\"ListItem\",\"position\":2,\"name\":\"Folha de Dicas para Iniciantes KNIME: Cadastramento\"}]},{\"@type\":\"WebSite\",\"@id\":\"https:\/\/hupdata.com\/academy\/#website\",\"url\":\"https:\/\/hupdata.com\/academy\/\",\"name\":\"HupData\",\"description\":\"\",\"publisher\":{\"@id\":\"https:\/\/hupdata.com\/academy\/#organization\"},\"potentialAction\":[{\"@type\":\"SearchAction\",\"target\":{\"@type\":\"EntryPoint\",\"urlTemplate\":\"https:\/\/hupdata.com\/academy\/?s={search_term_string}\"},\"query-input\":{\"@type\":\"PropertyValueSpecification\",\"valueRequired\":true,\"valueName\":\"search_term_string\"}}],\"inLanguage\":\"pt-BR\"},{\"@type\":\"Organization\",\"@id\":\"https:\/\/hupdata.com\/academy\/#organization\",\"name\":\"Hupdaata\",\"url\":\"https:\/\/hupdata.com\/academy\/\",\"logo\":{\"@type\":\"ImageObject\",\"inLanguage\":\"pt-BR\",\"@id\":\"https:\/\/hupdata.com\/academy\/#\/schema\/logo\/image\/\",\"url\":\"\",\"contentUrl\":\"\",\"caption\":\"Hupdaata\"},\"image\":{\"@id\":\"https:\/\/hupdata.com\/academy\/#\/schema\/logo\/image\/\"},\"sameAs\":[\"https:\/\/www.facebook.com\/hupdata\/\"]}]}<\/script>\n<!-- \/ Yoast SEO plugin. -->","yoast_head_json":{"title":"Folha de Dicas para Iniciantes na plataforma KNIME Analytics - Hupdata","description":"Folha de dicas com tudo que um iniciante precisa saber para criar seu primeiro processo de an\u00e1lise de dados com KNIME do inicio ao Fim.","robots":{"index":"index","follow":"follow","max-snippet":"max-snippet:-1","max-image-preview":"max-image-preview:large","max-video-preview":"max-video-preview:-1"},"og_locale":"pt_BR","og_type":"article","og_title":"Folha de Dicas para Iniciantes na plataforma KNIME Analytics - Hupdata","og_description":"Folha de dicas com tudo que um iniciante precisa saber para criar seu primeiro processo de an\u00e1lise de dados com KNIME do inicio ao Fim.","og_url":"https:\/\/hupdata.com\/academy\/cheatsheetbeginners\/","og_site_name":"HupData","article_publisher":"https:\/\/www.facebook.com\/hupdata\/","article_modified_time":"2024-05-29T13:25:18+00:00","og_image":[{"url":"https:\/\/hupdata.com\/academy\/wp-content\/uploads\/2024\/05\/Logo_Hupdata_horizontal-1.webp","type":"","width":"","height":""}],"twitter_card":"summary_large_image","twitter_misc":{"Est. tempo de leitura":"2 minutos"},"schema":{"@context":"https:\/\/schema.org","@graph":[{"@type":"WebPage","@id":"https:\/\/hupdata.com\/academy\/cheatsheetbeginners\/","url":"https:\/\/hupdata.com\/academy\/cheatsheetbeginners\/","name":"Folha de Dicas para Iniciantes na plataforma KNIME Analytics - Hupdata","isPartOf":{"@id":"https:\/\/hupdata.com\/academy\/#website"},"primaryImageOfPage":{"@id":"https:\/\/hupdata.com\/academy\/cheatsheetbeginners\/#primaryimage"},"image":{"@id":"https:\/\/hupdata.com\/academy\/cheatsheetbeginners\/#primaryimage"},"thumbnailUrl":"https:\/\/hupdata.com\/academy\/wp-content\/uploads\/2024\/05\/Logo_Hupdata_horizontal-1.webp","datePublished":"2021-01-15T14:39:30+00:00","dateModified":"2024-05-29T13:25:18+00:00","description":"Folha de dicas com tudo que um iniciante precisa saber para criar seu primeiro processo de an\u00e1lise de dados com KNIME do inicio ao Fim.","breadcrumb":{"@id":"https:\/\/hupdata.com\/academy\/cheatsheetbeginners\/#breadcrumb"},"inLanguage":"pt-BR","potentialAction":[{"@type":"ReadAction","target":["https:\/\/hupdata.com\/academy\/cheatsheetbeginners\/"]}]},{"@type":"ImageObject","inLanguage":"pt-BR","@id":"https:\/\/hupdata.com\/academy\/cheatsheetbeginners\/#primaryimage","url":"https:\/\/hupdata.com\/academy\/wp-content\/uploads\/2024\/05\/Logo_Hupdata_horizontal-1.webp","contentUrl":"https:\/\/hupdata.com\/academy\/wp-content\/uploads\/2024\/05\/Logo_Hupdata_horizontal-1.webp","width":490,"height":170},{"@type":"BreadcrumbList","@id":"https:\/\/hupdata.com\/academy\/cheatsheetbeginners\/#breadcrumb","itemListElement":[{"@type":"ListItem","position":1,"name":"In\u00edcio","item":"https:\/\/hupdata.com\/academy\/"},{"@type":"ListItem","position":2,"name":"Folha de Dicas para Iniciantes KNIME: Cadastramento"}]},{"@type":"WebSite","@id":"https:\/\/hupdata.com\/academy\/#website","url":"https:\/\/hupdata.com\/academy\/","name":"HupData","description":"","publisher":{"@id":"https:\/\/hupdata.com\/academy\/#organization"},"potentialAction":[{"@type":"SearchAction","target":{"@type":"EntryPoint","urlTemplate":"https:\/\/hupdata.com\/academy\/?s={search_term_string}"},"query-input":{"@type":"PropertyValueSpecification","valueRequired":true,"valueName":"search_term_string"}}],"inLanguage":"pt-BR"},{"@type":"Organization","@id":"https:\/\/hupdata.com\/academy\/#organization","name":"Hupdaata","url":"https:\/\/hupdata.com\/academy\/","logo":{"@type":"ImageObject","inLanguage":"pt-BR","@id":"https:\/\/hupdata.com\/academy\/#\/schema\/logo\/image\/","url":"","contentUrl":"","caption":"Hupdaata"},"image":{"@id":"https:\/\/hupdata.com\/academy\/#\/schema\/logo\/image\/"},"sameAs":["https:\/\/www.facebook.com\/hupdata\/"]}]}},"_links":{"self":[{"href":"https:\/\/hupdata.com\/academy\/wp-json\/wp\/v2\/pages\/7525","targetHints":{"allow":["GET"]}}],"collection":[{"href":"https:\/\/hupdata.com\/academy\/wp-json\/wp\/v2\/pages"}],"about":[{"href":"https:\/\/hupdata.com\/academy\/wp-json\/wp\/v2\/types\/page"}],"author":[{"embeddable":true,"href":"https:\/\/hupdata.com\/academy\/wp-json\/wp\/v2\/users\/1"}],"replies":[{"embeddable":true,"href":"https:\/\/hupdata.com\/academy\/wp-json\/wp\/v2\/comments?post=7525"}],"version-history":[{"count":169,"href":"https:\/\/hupdata.com\/academy\/wp-json\/wp\/v2\/pages\/7525\/revisions"}],"predecessor-version":[{"id":14804,"href":"https:\/\/hupdata.com\/academy\/wp-json\/wp\/v2\/pages\/7525\/revisions\/14804"}],"wp:attachment":[{"href":"https:\/\/hupdata.com\/academy\/wp-json\/wp\/v2\/media?parent=7525"}],"curies":[{"name":"wp","href":"https:\/\/api.w.org\/{rel}","templated":true}]}}