{"id":8065,"date":"2021-01-26T01:17:03","date_gmt":"2021-01-26T01:17:03","guid":{"rendered":"https:\/\/hupdata.com\/academy\/?page_id=8065"},"modified":"2024-05-20T13:45:11","modified_gmt":"2024-05-20T13:45:11","slug":"excel-para-knime","status":"publish","type":"page","link":"https:\/\/hupdata.com\/academy\/excel-para-knime\/","title":{"rendered":"Ebook From Excel to KNIME: Cadastramento"},"content":{"rendered":"\t\t<div data-elementor-type=\"wp-page\" data-elementor-id=\"8065\" class=\"elementor elementor-8065\" data-elementor-post-type=\"page\">\n\t\t\t\t\t\t<section class=\"elementor-section elementor-top-section elementor-element elementor-element-d8eb0fb elementor-section-height-min-height elementor-section-boxed elementor-section-height-default elementor-section-items-middle\" data-id=\"d8eb0fb\" data-element_type=\"section\" data-settings=\"{&quot;background_background&quot;:&quot;classic&quot;}\">\n\t\t\t\t\t\t<div class=\"elementor-container elementor-column-gap-default\">\n\t\t\t\t\t<div class=\"elementor-column elementor-col-100 elementor-top-column elementor-element elementor-element-987cd14\" data-id=\"987cd14\" data-element_type=\"column\" data-settings=\"{&quot;background_background&quot;:&quot;classic&quot;}\">\n\t\t\t<div class=\"elementor-widget-wrap elementor-element-populated\">\n\t\t\t\t\t\t<div class=\"elementor-element elementor-element-15b5b7d elementor-widget elementor-widget-spacer\" data-id=\"15b5b7d\" data-element_type=\"widget\" data-widget_type=\"spacer.default\">\n\t\t\t\t<div class=\"elementor-widget-container\">\n\t\t\t\t\t\t\t<div class=\"elementor-spacer\">\n\t\t\t<div class=\"elementor-spacer-inner\"><\/div>\n\t\t<\/div>\n\t\t\t\t\t\t<\/div>\n\t\t\t\t<\/div>\n\t\t\t\t<div class=\"elementor-element elementor-element-9ad01fe elementor-widget elementor-widget-heading\" data-id=\"9ad01fe\" data-element_type=\"widget\" data-widget_type=\"heading.default\">\n\t\t\t\t<div class=\"elementor-widget-container\">\n\t\t\t\t\t<h2 class=\"elementor-heading-title elementor-size-default\">E-book em Portugu\u00eas<\/h2>\t\t\t\t<\/div>\n\t\t\t\t<\/div>\n\t\t\t\t<div class=\"elementor-element elementor-element-5e34fcf elementor-widget elementor-widget-heading\" data-id=\"5e34fcf\" data-element_type=\"widget\" data-widget_type=\"heading.default\">\n\t\t\t\t<div class=\"elementor-widget-container\">\n\t\t\t\t\t<h1 class=\"elementor-heading-title elementor-size-default\">From Excel to KNIME<\/h1>\t\t\t\t<\/div>\n\t\t\t\t<\/div>\n\t\t\t\t\t<\/div>\n\t\t<\/div>\n\t\t\t\t\t<\/div>\n\t\t<\/section>\n\t\t\t\t<section class=\"elementor-section elementor-top-section elementor-element elementor-element-d72aa07 elementor-section-boxed elementor-section-height-default elementor-section-height-default\" data-id=\"d72aa07\" data-element_type=\"section\" data-settings=\"{&quot;background_background&quot;:&quot;gradient&quot;}\">\n\t\t\t\t\t\t<div class=\"elementor-container elementor-column-gap-default\">\n\t\t\t\t\t<div class=\"elementor-column elementor-col-100 elementor-top-column elementor-element elementor-element-e9614cc\" data-id=\"e9614cc\" data-element_type=\"column\" data-settings=\"{&quot;background_background&quot;:&quot;classic&quot;}\">\n\t\t\t<div class=\"elementor-widget-wrap elementor-element-populated\">\n\t\t\t\t\t\t<div class=\"elementor-element elementor-element-9b37fd3 elementor-widget elementor-widget-heading\" data-id=\"9b37fd3\" data-element_type=\"widget\" data-widget_type=\"heading.default\">\n\t\t\t\t<div class=\"elementor-widget-container\">\n\t\t\t\t\t<h2 class=\"elementor-heading-title elementor-size-default\">Automatize processos de dados utilizando KNIME<\/h2>\t\t\t\t<\/div>\n\t\t\t\t<\/div>\n\t\t\t\t<div class=\"elementor-element elementor-element-c98ac47 elementor-widget elementor-widget-text-editor\" data-id=\"c98ac47\" data-element_type=\"widget\" data-widget_type=\"text-editor.default\">\n\t\t\t\t<div class=\"elementor-widget-container\">\n\t\t\t\t\t\t\t\t\t<p><span style=\"color: rgb(255, 255, 255); background-color: transparent;\">Veja como KNIME pode te ajudar<\/span><span style=\"color: #ffffff;\">&nbsp;a escalar e automatizar as tarefas do seu dia a dia. Aprenda como migrar suas an\u00e1lises do Excel para o KNIME facilmente.<\/span><\/p>\n<p><span style=\"color: #ffffff;\">&nbsp;<\/span><\/p>\t\t\t\t\t\t\t\t<\/div>\n\t\t\t\t<\/div>\n\t\t\t\t\t<\/div>\n\t\t<\/div>\n\t\t\t\t\t<\/div>\n\t\t<\/section>\n\t\t\t\t<section class=\"elementor-section elementor-top-section elementor-element elementor-element-871bcbc elementor-section-boxed elementor-section-height-default elementor-section-height-default\" data-id=\"871bcbc\" data-element_type=\"section\">\n\t\t\t\t\t\t<div class=\"elementor-container elementor-column-gap-default\">\n\t\t\t\t\t<div class=\"elementor-column elementor-col-100 elementor-top-column elementor-element elementor-element-2987962\" data-id=\"2987962\" data-element_type=\"column\">\n\t\t\t<div class=\"elementor-widget-wrap elementor-element-populated\">\n\t\t\t\t\t\t<div class=\"elementor-element elementor-element-6307c98 elementor-widget elementor-widget-heading\" data-id=\"6307c98\" data-element_type=\"widget\" data-widget_type=\"heading.default\">\n\t\t\t\t<div class=\"elementor-widget-container\">\n\t\t\t\t\t<h2 class=\"elementor-heading-title elementor-size-default\">Preencha o formul\u00e1rio abaixo para receber o E-book<\/h2>\t\t\t\t<\/div>\n\t\t\t\t<\/div>\n\t\t\t\t\t<\/div>\n\t\t<\/div>\n\t\t\t\t\t<\/div>\n\t\t<\/section>\n\t\t\t\t<section class=\"elementor-section elementor-top-section elementor-element elementor-element-7cf469f elementor-section-boxed elementor-section-height-default elementor-section-height-default\" data-id=\"7cf469f\" data-element_type=\"section\">\n\t\t\t\t\t\t<div class=\"elementor-container elementor-column-gap-default\">\n\t\t\t\t\t<div class=\"elementor-column elementor-col-100 elementor-top-column elementor-element elementor-element-c3b175e\" data-id=\"c3b175e\" data-element_type=\"column\">\n\t\t\t<div class=\"elementor-widget-wrap elementor-element-populated\">\n\t\t\t\t\t\t<div class=\"elementor-element elementor-element-c1efd61 elementor-widget__width-initial elementor-widget-tablet__width-initial elementor-widget elementor-widget-html\" data-id=\"c1efd61\" data-element_type=\"widget\" data-widget_type=\"html.default\">\n\t\t\t\t<div class=\"elementor-widget-container\">\n\t\t\t\t\t<iframe width=\"2000\" height=\"1050px\" src=\"https:\/\/dfd217d8.sibforms.com\/serve\/MUIFAFn_gyRVvoGp6Tq0lITAt0sOtnvdEbGYj70jHldqdtwKRLnTqohEpJ64rCq13_js3C8d3KKL1a_gr998jF8glRpcWK_yCfpTQGtSp3ZfP9ibD2IxZftjBrNOKF78T0RmPcs0hDcds5f8StW3HZkRjquh-CvfTWMpX31g6FyhjBny-59OWk83yWQiKuwhR-h6nwR_w6_GStv-\" frameborder=\"0\" scrolling=\"auto\" allowfullscreen style=\"display: block; margin:0 auto; \"><\/iframe>\t\t\t\t<\/div>\n\t\t\t\t<\/div>\n\t\t\t\t\t<\/div>\n\t\t<\/div>\n\t\t\t\t\t<\/div>\n\t\t<\/section>\n\t\t\t\t<section class=\"elementor-section elementor-top-section elementor-element elementor-element-2cea500 elementor-section-boxed elementor-section-height-default elementor-section-height-default\" data-id=\"2cea500\" data-element_type=\"section\">\n\t\t\t\t\t\t<div class=\"elementor-container elementor-column-gap-default\">\n\t\t\t\t\t<div class=\"elementor-column elementor-col-100 elementor-top-column elementor-element elementor-element-eb31be1\" data-id=\"eb31be1\" data-element_type=\"column\">\n\t\t\t<div class=\"elementor-widget-wrap elementor-element-populated\">\n\t\t\t\t\t\t<div class=\"elementor-element elementor-element-b9cbdc9 elementor-widget elementor-widget-heading\" data-id=\"b9cbdc9\" data-element_type=\"widget\" data-widget_type=\"heading.default\">\n\t\t\t\t<div class=\"elementor-widget-container\">\n\t\t\t\t\t<h2 class=\"elementor-heading-title elementor-size-default\"><span class=\"ui-provider ed bih bii bij bik bil bim bin bio bip biq bir bis bit biu biv biw bix biy biz bja bjb bjc bjd bje bjf bjg bjh bji bjj bjk bjl bjm bjn bjo\" dir=\"ltr\">Somos parceiros KNIME no Brasil<\/span><\/h2>\t\t\t\t<\/div>\n\t\t\t\t<\/div>\n\t\t\t\t\t<\/div>\n\t\t<\/div>\n\t\t\t\t\t<\/div>\n\t\t<\/section>\n\t\t\t\t<section class=\"elementor-section elementor-top-section elementor-element elementor-element-0a74091 elementor-section-content-middle elementor-section-boxed elementor-section-height-default elementor-section-height-default\" data-id=\"0a74091\" data-element_type=\"section\">\n\t\t\t\t\t\t<div class=\"elementor-container elementor-column-gap-default\">\n\t\t\t\t\t<div class=\"elementor-column elementor-col-25 elementor-top-column elementor-element elementor-element-481c2cf\" data-id=\"481c2cf\" data-element_type=\"column\">\n\t\t\t<div class=\"elementor-widget-wrap\">\n\t\t\t\t\t\t\t<\/div>\n\t\t<\/div>\n\t\t\t\t<div class=\"elementor-column elementor-col-25 elementor-top-column elementor-element elementor-element-f940e33\" data-id=\"f940e33\" data-element_type=\"column\">\n\t\t\t<div class=\"elementor-widget-wrap elementor-element-populated\">\n\t\t\t\t\t\t<div class=\"elementor-element elementor-element-5f94ba1 elementor-widget elementor-widget-image\" data-id=\"5f94ba1\" data-element_type=\"widget\" data-widget_type=\"image.default\">\n\t\t\t\t<div class=\"elementor-widget-container\">\n\t\t\t\t\t\t\t\t\t\t\t\t\t\t\t<img fetchpriority=\"high\" decoding=\"async\" width=\"490\" height=\"170\" src=\"https:\/\/hupdata.com\/academy\/wp-content\/uploads\/2024\/05\/Logo_Hupdata_horizontal-1.webp\" class=\"attachment-large size-large wp-image-14763\" alt=\"\" srcset=\"https:\/\/hupdata.com\/academy\/wp-content\/uploads\/2024\/05\/Logo_Hupdata_horizontal-1.webp 490w, https:\/\/hupdata.com\/academy\/wp-content\/uploads\/2024\/05\/Logo_Hupdata_horizontal-1-300x104.webp 300w\" sizes=\"(max-width: 490px) 100vw, 490px\" \/>\t\t\t\t\t\t\t\t\t\t\t\t\t\t\t<\/div>\n\t\t\t\t<\/div>\n\t\t\t\t\t<\/div>\n\t\t<\/div>\n\t\t\t\t<div class=\"elementor-column elementor-col-25 elementor-top-column elementor-element elementor-element-57e76c1\" data-id=\"57e76c1\" data-element_type=\"column\">\n\t\t\t<div class=\"elementor-widget-wrap elementor-element-populated\">\n\t\t\t\t\t\t<div class=\"elementor-element elementor-element-df894d7 elementor-widget elementor-widget-image\" data-id=\"df894d7\" data-element_type=\"widget\" data-widget_type=\"image.default\">\n\t\t\t\t<div class=\"elementor-widget-container\">\n\t\t\t\t\t\t\t\t\t\t\t\t\t\t\t<img decoding=\"async\" width=\"300\" height=\"78\" src=\"https:\/\/hupdata.com\/academy\/wp-content\/uploads\/2022\/05\/knime-personal-productivity.master-300x78.png\" class=\"attachment-medium size-medium wp-image-11175\" alt=\"\" srcset=\"https:\/\/hupdata.com\/academy\/wp-content\/uploads\/2022\/05\/knime-personal-productivity.master-300x78.png 300w, https:\/\/hupdata.com\/academy\/wp-content\/uploads\/2022\/05\/knime-personal-productivity.master-1024x267.png 1024w, https:\/\/hupdata.com\/academy\/wp-content\/uploads\/2022\/05\/knime-personal-productivity.master-768x200.png 768w, https:\/\/hupdata.com\/academy\/wp-content\/uploads\/2022\/05\/knime-personal-productivity.master-1536x401.png 1536w, https:\/\/hupdata.com\/academy\/wp-content\/uploads\/2022\/05\/knime-personal-productivity.master.png 2048w\" sizes=\"(max-width: 300px) 100vw, 300px\" \/>\t\t\t\t\t\t\t\t\t\t\t\t\t\t\t<\/div>\n\t\t\t\t<\/div>\n\t\t\t\t\t<\/div>\n\t\t<\/div>\n\t\t\t\t<div class=\"elementor-column elementor-col-25 elementor-top-column elementor-element elementor-element-6e1e74b\" data-id=\"6e1e74b\" data-element_type=\"column\">\n\t\t\t<div class=\"elementor-widget-wrap\">\n\t\t\t\t\t\t\t<\/div>\n\t\t<\/div>\n\t\t\t\t\t<\/div>\n\t\t<\/section>\n\t\t\t\t<section class=\"elementor-section elementor-top-section elementor-element elementor-element-34a8a66 elementor-section-boxed elementor-section-height-default elementor-section-height-default\" data-id=\"34a8a66\" data-element_type=\"section\" data-settings=\"{&quot;background_background&quot;:&quot;classic&quot;}\">\n\t\t\t\t\t\t<div class=\"elementor-container elementor-column-gap-default\">\n\t\t\t\t\t<div class=\"elementor-column elementor-col-100 elementor-top-column elementor-element elementor-element-29a75f6\" data-id=\"29a75f6\" data-element_type=\"column\">\n\t\t\t<div class=\"elementor-widget-wrap elementor-element-populated\">\n\t\t\t\t\t\t<div class=\"elementor-element elementor-element-ea3307f elementor-widget elementor-widget-heading\" data-id=\"ea3307f\" data-element_type=\"widget\" data-widget_type=\"heading.default\">\n\t\t\t\t<div class=\"elementor-widget-container\">\n\t\t\t\t\t<p class=\"elementor-heading-title elementor-size-default\">Hupdata - Empowering people to make data driven decisions | Copyright \u00a9 2024 - Todos os direitos reservados <\/p>\t\t\t\t<\/div>\n\t\t\t\t<\/div>\n\t\t\t\t\t<\/div>\n\t\t<\/div>\n\t\t\t\t\t<\/div>\n\t\t<\/section>\n\t\t\t\t<\/div>\n\t\t","protected":false},"excerpt":{"rendered":"<p>E-book em Portugu\u00eas From Excel to KNIME Automatize processos de dados utilizando KNIME Veja como KNIME pode te ajudar&nbsp;a escalar e automatizar as tarefas do seu dia a dia. Aprenda como migrar suas an\u00e1lises do Excel para o KNIME facilmente. &nbsp; Preencha o formul\u00e1rio abaixo para receber o E-book Somos parceiros KNIME no Brasil Hupdata [&hellip;]<\/p>\n","protected":false},"author":1,"featured_media":0,"parent":0,"menu_order":0,"comment_status":"closed","ping_status":"closed","template":"elementor_canvas","meta":{"_monsterinsights_skip_tracking":false,"_monsterinsights_sitenote_active":false,"_monsterinsights_sitenote_note":"","_monsterinsights_sitenote_category":0,"footnotes":""},"class_list":["post-8065","page","type-page","status-publish","hentry"],"yoast_head":"<!-- This site is optimized with the Yoast SEO plugin v26.8 - https:\/\/yoast.com\/product\/yoast-seo-wordpress\/ -->\n<title>Excel para KNIME - Download e-book gratuito em portugu\u00eas | Hupdata<\/title>\n<meta name=\"description\" content=\"Aqui voc\u00ea encontra todo os passos para migrar e automatizar os seus processos do Excel para KNIME, nesta tradu\u00e7\u00e3o deste e-book pela Hupdata\" \/>\n<meta name=\"robots\" content=\"index, follow, max-snippet:-1, max-image-preview:large, max-video-preview:-1\" \/>\n<meta property=\"og:locale\" content=\"pt_BR\" \/>\n<meta property=\"og:type\" content=\"article\" \/>\n<meta property=\"og:title\" content=\"Excel para KNIME - Download e-book gratuito em portugu\u00eas | Hupdata\" \/>\n<meta property=\"og:description\" content=\"Aqui voc\u00ea encontra todo os passos para migrar e automatizar os seus processos do Excel para KNIME, nesta tradu\u00e7\u00e3o deste e-book pela Hupdata\" \/>\n<meta property=\"og:url\" content=\"https:\/\/hupdata.com\/academy\/excel-para-knime\/\" \/>\n<meta property=\"og:site_name\" content=\"HupData\" \/>\n<meta property=\"article:publisher\" content=\"https:\/\/www.facebook.com\/hupdata\/\" \/>\n<meta property=\"article:modified_time\" content=\"2024-05-20T13:45:11+00:00\" \/>\n<meta property=\"og:image\" content=\"https:\/\/hupdata.com\/academy\/wp-content\/uploads\/2024\/05\/Logo_Hupdata_horizontal-1.webp\" \/>\n<meta name=\"twitter:card\" content=\"summary_large_image\" \/>\n<meta name=\"twitter:label1\" content=\"Est. tempo de leitura\" \/>\n\t<meta name=\"twitter:data1\" content=\"1 minuto\" \/>\n<script type=\"application\/ld+json\" class=\"yoast-schema-graph\">{\"@context\":\"https:\/\/schema.org\",\"@graph\":[{\"@type\":\"WebPage\",\"@id\":\"https:\/\/hupdata.com\/academy\/excel-para-knime\/\",\"url\":\"https:\/\/hupdata.com\/academy\/excel-para-knime\/\",\"name\":\"Excel para KNIME - Download e-book gratuito em portugu\u00eas | Hupdata\",\"isPartOf\":{\"@id\":\"https:\/\/hupdata.com\/academy\/#website\"},\"primaryImageOfPage\":{\"@id\":\"https:\/\/hupdata.com\/academy\/excel-para-knime\/#primaryimage\"},\"image\":{\"@id\":\"https:\/\/hupdata.com\/academy\/excel-para-knime\/#primaryimage\"},\"thumbnailUrl\":\"https:\/\/hupdata.com\/academy\/wp-content\/uploads\/2024\/05\/Logo_Hupdata_horizontal-1.webp\",\"datePublished\":\"2021-01-26T01:17:03+00:00\",\"dateModified\":\"2024-05-20T13:45:11+00:00\",\"description\":\"Aqui voc\u00ea encontra todo os passos para migrar e automatizar os seus processos do Excel para KNIME, nesta tradu\u00e7\u00e3o deste e-book pela Hupdata\",\"breadcrumb\":{\"@id\":\"https:\/\/hupdata.com\/academy\/excel-para-knime\/#breadcrumb\"},\"inLanguage\":\"pt-BR\",\"potentialAction\":[{\"@type\":\"ReadAction\",\"target\":[\"https:\/\/hupdata.com\/academy\/excel-para-knime\/\"]}]},{\"@type\":\"ImageObject\",\"inLanguage\":\"pt-BR\",\"@id\":\"https:\/\/hupdata.com\/academy\/excel-para-knime\/#primaryimage\",\"url\":\"https:\/\/hupdata.com\/academy\/wp-content\/uploads\/2024\/05\/Logo_Hupdata_horizontal-1.webp\",\"contentUrl\":\"https:\/\/hupdata.com\/academy\/wp-content\/uploads\/2024\/05\/Logo_Hupdata_horizontal-1.webp\",\"width\":490,\"height\":170},{\"@type\":\"BreadcrumbList\",\"@id\":\"https:\/\/hupdata.com\/academy\/excel-para-knime\/#breadcrumb\",\"itemListElement\":[{\"@type\":\"ListItem\",\"position\":1,\"name\":\"In\u00edcio\",\"item\":\"https:\/\/hupdata.com\/academy\/\"},{\"@type\":\"ListItem\",\"position\":2,\"name\":\"Ebook From Excel to KNIME: Cadastramento\"}]},{\"@type\":\"WebSite\",\"@id\":\"https:\/\/hupdata.com\/academy\/#website\",\"url\":\"https:\/\/hupdata.com\/academy\/\",\"name\":\"HupData\",\"description\":\"\",\"publisher\":{\"@id\":\"https:\/\/hupdata.com\/academy\/#organization\"},\"potentialAction\":[{\"@type\":\"SearchAction\",\"target\":{\"@type\":\"EntryPoint\",\"urlTemplate\":\"https:\/\/hupdata.com\/academy\/?s={search_term_string}\"},\"query-input\":{\"@type\":\"PropertyValueSpecification\",\"valueRequired\":true,\"valueName\":\"search_term_string\"}}],\"inLanguage\":\"pt-BR\"},{\"@type\":\"Organization\",\"@id\":\"https:\/\/hupdata.com\/academy\/#organization\",\"name\":\"Hupdaata\",\"url\":\"https:\/\/hupdata.com\/academy\/\",\"logo\":{\"@type\":\"ImageObject\",\"inLanguage\":\"pt-BR\",\"@id\":\"https:\/\/hupdata.com\/academy\/#\/schema\/logo\/image\/\",\"url\":\"\",\"contentUrl\":\"\",\"caption\":\"Hupdaata\"},\"image\":{\"@id\":\"https:\/\/hupdata.com\/academy\/#\/schema\/logo\/image\/\"},\"sameAs\":[\"https:\/\/www.facebook.com\/hupdata\/\"]}]}<\/script>\n<!-- \/ Yoast SEO plugin. -->","yoast_head_json":{"title":"Excel para KNIME - Download e-book gratuito em portugu\u00eas | Hupdata","description":"Aqui voc\u00ea encontra todo os passos para migrar e automatizar os seus processos do Excel para KNIME, nesta tradu\u00e7\u00e3o deste e-book pela Hupdata","robots":{"index":"index","follow":"follow","max-snippet":"max-snippet:-1","max-image-preview":"max-image-preview:large","max-video-preview":"max-video-preview:-1"},"og_locale":"pt_BR","og_type":"article","og_title":"Excel para KNIME - Download e-book gratuito em portugu\u00eas | Hupdata","og_description":"Aqui voc\u00ea encontra todo os passos para migrar e automatizar os seus processos do Excel para KNIME, nesta tradu\u00e7\u00e3o deste e-book pela Hupdata","og_url":"https:\/\/hupdata.com\/academy\/excel-para-knime\/","og_site_name":"HupData","article_publisher":"https:\/\/www.facebook.com\/hupdata\/","article_modified_time":"2024-05-20T13:45:11+00:00","og_image":[{"url":"https:\/\/hupdata.com\/academy\/wp-content\/uploads\/2024\/05\/Logo_Hupdata_horizontal-1.webp","type":"","width":"","height":""}],"twitter_card":"summary_large_image","twitter_misc":{"Est. tempo de leitura":"1 minuto"},"schema":{"@context":"https:\/\/schema.org","@graph":[{"@type":"WebPage","@id":"https:\/\/hupdata.com\/academy\/excel-para-knime\/","url":"https:\/\/hupdata.com\/academy\/excel-para-knime\/","name":"Excel para KNIME - Download e-book gratuito em portugu\u00eas | Hupdata","isPartOf":{"@id":"https:\/\/hupdata.com\/academy\/#website"},"primaryImageOfPage":{"@id":"https:\/\/hupdata.com\/academy\/excel-para-knime\/#primaryimage"},"image":{"@id":"https:\/\/hupdata.com\/academy\/excel-para-knime\/#primaryimage"},"thumbnailUrl":"https:\/\/hupdata.com\/academy\/wp-content\/uploads\/2024\/05\/Logo_Hupdata_horizontal-1.webp","datePublished":"2021-01-26T01:17:03+00:00","dateModified":"2024-05-20T13:45:11+00:00","description":"Aqui voc\u00ea encontra todo os passos para migrar e automatizar os seus processos do Excel para KNIME, nesta tradu\u00e7\u00e3o deste e-book pela Hupdata","breadcrumb":{"@id":"https:\/\/hupdata.com\/academy\/excel-para-knime\/#breadcrumb"},"inLanguage":"pt-BR","potentialAction":[{"@type":"ReadAction","target":["https:\/\/hupdata.com\/academy\/excel-para-knime\/"]}]},{"@type":"ImageObject","inLanguage":"pt-BR","@id":"https:\/\/hupdata.com\/academy\/excel-para-knime\/#primaryimage","url":"https:\/\/hupdata.com\/academy\/wp-content\/uploads\/2024\/05\/Logo_Hupdata_horizontal-1.webp","contentUrl":"https:\/\/hupdata.com\/academy\/wp-content\/uploads\/2024\/05\/Logo_Hupdata_horizontal-1.webp","width":490,"height":170},{"@type":"BreadcrumbList","@id":"https:\/\/hupdata.com\/academy\/excel-para-knime\/#breadcrumb","itemListElement":[{"@type":"ListItem","position":1,"name":"In\u00edcio","item":"https:\/\/hupdata.com\/academy\/"},{"@type":"ListItem","position":2,"name":"Ebook From Excel to KNIME: Cadastramento"}]},{"@type":"WebSite","@id":"https:\/\/hupdata.com\/academy\/#website","url":"https:\/\/hupdata.com\/academy\/","name":"HupData","description":"","publisher":{"@id":"https:\/\/hupdata.com\/academy\/#organization"},"potentialAction":[{"@type":"SearchAction","target":{"@type":"EntryPoint","urlTemplate":"https:\/\/hupdata.com\/academy\/?s={search_term_string}"},"query-input":{"@type":"PropertyValueSpecification","valueRequired":true,"valueName":"search_term_string"}}],"inLanguage":"pt-BR"},{"@type":"Organization","@id":"https:\/\/hupdata.com\/academy\/#organization","name":"Hupdaata","url":"https:\/\/hupdata.com\/academy\/","logo":{"@type":"ImageObject","inLanguage":"pt-BR","@id":"https:\/\/hupdata.com\/academy\/#\/schema\/logo\/image\/","url":"","contentUrl":"","caption":"Hupdaata"},"image":{"@id":"https:\/\/hupdata.com\/academy\/#\/schema\/logo\/image\/"},"sameAs":["https:\/\/www.facebook.com\/hupdata\/"]}]}},"_links":{"self":[{"href":"https:\/\/hupdata.com\/academy\/wp-json\/wp\/v2\/pages\/8065","targetHints":{"allow":["GET"]}}],"collection":[{"href":"https:\/\/hupdata.com\/academy\/wp-json\/wp\/v2\/pages"}],"about":[{"href":"https:\/\/hupdata.com\/academy\/wp-json\/wp\/v2\/types\/page"}],"author":[{"embeddable":true,"href":"https:\/\/hupdata.com\/academy\/wp-json\/wp\/v2\/users\/1"}],"replies":[{"embeddable":true,"href":"https:\/\/hupdata.com\/academy\/wp-json\/wp\/v2\/comments?post=8065"}],"version-history":[{"count":54,"href":"https:\/\/hupdata.com\/academy\/wp-json\/wp\/v2\/pages\/8065\/revisions"}],"predecessor-version":[{"id":14769,"href":"https:\/\/hupdata.com\/academy\/wp-json\/wp\/v2\/pages\/8065\/revisions\/14769"}],"wp:attachment":[{"href":"https:\/\/hupdata.com\/academy\/wp-json\/wp\/v2\/media?parent=8065"}],"curies":[{"name":"wp","href":"https:\/\/api.w.org\/{rel}","templated":true}]}}