{"id":9545,"date":"2021-10-13T17:55:00","date_gmt":"2021-10-13T17:55:00","guid":{"rendered":"https:\/\/hupdata.com\/academy\/?page_id=9545"},"modified":"2024-05-20T14:42:22","modified_gmt":"2024-05-20T14:42:22","slug":"cadastro-manipulacao-de-dados","status":"publish","type":"page","link":"https:\/\/hupdata.com\/academy\/cadastro-manipulacao-de-dados\/","title":{"rendered":"Folha de Dicas Manipula\u00e7\u00e3o de Dados: Cadastramento"},"content":{"rendered":"\t\t<div data-elementor-type=\"wp-page\" data-elementor-id=\"9545\" class=\"elementor elementor-9545\" data-elementor-post-type=\"page\">\n\t\t\t\t\t\t<section class=\"elementor-section elementor-top-section elementor-element elementor-element-909dc66 elementor-section-boxed elementor-section-height-default elementor-section-height-default\" data-id=\"909dc66\" data-element_type=\"section\">\n\t\t\t\t\t\t<div class=\"elementor-container elementor-column-gap-default\">\n\t\t\t\t\t<div class=\"elementor-column elementor-col-100 elementor-top-column elementor-element elementor-element-987cd14\" data-id=\"987cd14\" data-element_type=\"column\" data-settings=\"{&quot;background_background&quot;:&quot;classic&quot;}\">\n\t\t\t<div class=\"elementor-widget-wrap elementor-element-populated\">\n\t\t\t\t\t\t<div class=\"elementor-element elementor-element-15b5b7d elementor-widget elementor-widget-spacer\" data-id=\"15b5b7d\" data-element_type=\"widget\" data-widget_type=\"spacer.default\">\n\t\t\t\t<div class=\"elementor-widget-container\">\n\t\t\t\t\t\t\t<div class=\"elementor-spacer\">\n\t\t\t<div class=\"elementor-spacer-inner\"><\/div>\n\t\t<\/div>\n\t\t\t\t\t\t<\/div>\n\t\t\t\t<\/div>\n\t\t\t\t<div class=\"elementor-element elementor-element-9ad01fe elementor-widget elementor-widget-heading\" data-id=\"9ad01fe\" data-element_type=\"widget\" data-widget_type=\"heading.default\">\n\t\t\t\t<div class=\"elementor-widget-container\">\n\t\t\t\t\t<h2 class=\"elementor-heading-title elementor-size-default\">Folha de Dicas:<\/h2>\t\t\t\t<\/div>\n\t\t\t\t<\/div>\n\t\t\t\t<div class=\"elementor-element elementor-element-5e34fcf elementor-widget elementor-widget-heading\" data-id=\"5e34fcf\" data-element_type=\"widget\" data-widget_type=\"heading.default\">\n\t\t\t\t<div class=\"elementor-widget-container\">\n\t\t\t\t\t<h2 class=\"elementor-heading-title elementor-size-default\">Manipula\u00e7\u00e3o de Dados com KNIME<\/h2>\t\t\t\t<\/div>\n\t\t\t\t<\/div>\n\t\t\t\t<div class=\"elementor-element elementor-element-9b0b7f8 elementor-widget elementor-widget-text-editor\" data-id=\"9b0b7f8\" data-element_type=\"widget\" data-widget_type=\"text-editor.default\">\n\t\t\t\t<div class=\"elementor-widget-container\">\n\t\t\t\t\t\t\t\t\t<p>Nesta folha de dicas voc\u00ea conhecer\u00e1 os principais recursos de manipula\u00e7\u00e3o de dados dispon\u00edveis no KNIME.\u00a0<\/p>\t\t\t\t\t\t\t\t<\/div>\n\t\t\t\t<\/div>\n\t\t\t\t<div class=\"elementor-element elementor-element-09fb9ef elementor-align-left elementor-icon-list--layout-traditional elementor-list-item-link-full_width elementor-widget elementor-widget-icon-list\" data-id=\"09fb9ef\" data-element_type=\"widget\" data-widget_type=\"icon-list.default\">\n\t\t\t\t<div class=\"elementor-widget-container\">\n\t\t\t\t\t\t\t<ul class=\"elementor-icon-list-items\">\n\t\t\t\t\t\t\t<li class=\"elementor-icon-list-item\">\n\t\t\t\t\t\t\t\t\t\t\t<span class=\"elementor-icon-list-icon\">\n\t\t\t\t\t\t\t<i aria-hidden=\"true\" class=\"fas fa-check\"><\/i>\t\t\t\t\t\t<\/span>\n\t\t\t\t\t\t\t\t\t\t<span class=\"elementor-icon-list-text\">Aplique diferentes tipos de filtros<\/span>\n\t\t\t\t\t\t\t\t\t<\/li>\n\t\t\t\t\t\t\t\t<li class=\"elementor-icon-list-item\">\n\t\t\t\t\t\t\t\t\t\t\t<span class=\"elementor-icon-list-icon\">\n\t\t\t\t\t\t\t<i aria-hidden=\"true\" class=\"fas fa-check\"><\/i>\t\t\t\t\t\t<\/span>\n\t\t\t\t\t\t\t\t\t\t<span class=\"elementor-icon-list-text\">Transforme tabelas<\/span>\n\t\t\t\t\t\t\t\t\t<\/li>\n\t\t\t\t\t\t\t\t<li class=\"elementor-icon-list-item\">\n\t\t\t\t\t\t\t\t\t\t\t<span class=\"elementor-icon-list-icon\">\n\t\t\t\t\t\t\t<i aria-hidden=\"true\" class=\"fas fa-check\"><\/i>\t\t\t\t\t\t<\/span>\n\t\t\t\t\t\t\t\t\t\t<span class=\"elementor-icon-list-text\">Agrupamento de Dados e Pivoting<\/span>\n\t\t\t\t\t\t\t\t\t<\/li>\n\t\t\t\t\t\t\t\t<li class=\"elementor-icon-list-item\">\n\t\t\t\t\t\t\t\t\t\t\t<span class=\"elementor-icon-list-icon\">\n\t\t\t\t\t\t\t<i aria-hidden=\"true\" class=\"fas fa-check\"><\/i>\t\t\t\t\t\t<\/span>\n\t\t\t\t\t\t\t\t\t\t<span class=\"elementor-icon-list-text\">Aplique regras l\u00f3gicas e fun\u00e7\u00f5es matem\u00e1ticas<\/span>\n\t\t\t\t\t\t\t\t\t<\/li>\n\t\t\t\t\t\t<\/ul>\n\t\t\t\t\t\t<\/div>\n\t\t\t\t<\/div>\n\t\t\t\t<div class=\"elementor-element elementor-element-2baaba2 elementor-widget elementor-widget-text-editor\" data-id=\"2baaba2\" data-element_type=\"widget\" data-widget_type=\"text-editor.default\">\n\t\t\t\t<div class=\"elementor-widget-container\">\n\t\t\t\t\t\t\t\t\t<p><strong>Preencha o formul\u00e1rio para download<\/strong><\/p>\t\t\t\t\t\t\t\t<\/div>\n\t\t\t\t<\/div>\n\t\t\t\t\t<\/div>\n\t\t<\/div>\n\t\t\t\t\t<\/div>\n\t\t<\/section>\n\t\t\t\t<section class=\"elementor-section elementor-top-section elementor-element elementor-element-9a63377 elementor-section-boxed elementor-section-height-default elementor-section-height-default\" data-id=\"9a63377\" data-element_type=\"section\">\n\t\t\t\t\t\t<div class=\"elementor-container elementor-column-gap-default\">\n\t\t\t\t\t<div class=\"elementor-column elementor-col-100 elementor-top-column elementor-element elementor-element-c3b175e\" data-id=\"c3b175e\" data-element_type=\"column\">\n\t\t\t<div class=\"elementor-widget-wrap elementor-element-populated\">\n\t\t\t\t\t\t<div class=\"elementor-element elementor-element-513ba46 elementor-widget elementor-widget-heading\" data-id=\"513ba46\" data-element_type=\"widget\" data-widget_type=\"heading.default\">\n\t\t\t\t<div class=\"elementor-widget-container\">\n\t\t\t\t\t<h2 class=\"elementor-heading-title elementor-size-default\">Preencha o Formul\u00e1rio para receber a folha<\/h2>\t\t\t\t<\/div>\n\t\t\t\t<\/div>\n\t\t\t\t<div class=\"elementor-element elementor-element-30bc270 elementor-widget elementor-widget-shortcode\" data-id=\"30bc270\" data-element_type=\"widget\" data-widget_type=\"shortcode.default\">\n\t\t\t\t<div class=\"elementor-widget-container\">\n\t\t\t\t\t\t\t<div class=\"elementor-shortcode\">\n\n<iframe width=\"2000\" height=\"1050px\" src=\"https:\/\/dfd217d8.sibforms.com\/serve\/MUIFAPeY3W85Ev-5DoeX6rJVr-M59eTVPDLCpKFvxDXtWHoSNxDf0qXcltlftDq4ea056-B3zVyQJm5abbA3QaFEjSq1aijzgnmycoiy746CWARNRWkunV5MgDIXP9p7m5bP1yHLsuviACJ__3eSmGB78UB-GqGk6AAb9uInLzdhTaxnbV71pNntWQajxY68unNfpaEw6u-BRAjA\" frameborder=\"0\" scrolling=\"auto\" allowfullscreen style=\"display: block; margin:0 auto; \"><\/iframe><\/div>\n\t\t\t\t\t\t<\/div>\n\t\t\t\t<\/div>\n\t\t\t\t\t<\/div>\n\t\t<\/div>\n\t\t\t\t\t<\/div>\n\t\t<\/section>\n\t\t\t\t<section class=\"elementor-section elementor-top-section elementor-element elementor-element-2cea500 elementor-section-boxed elementor-section-height-default elementor-section-height-default\" data-id=\"2cea500\" data-element_type=\"section\">\n\t\t\t\t\t\t<div class=\"elementor-container elementor-column-gap-default\">\n\t\t\t\t\t<div class=\"elementor-column elementor-col-100 elementor-top-column elementor-element elementor-element-eb31be1\" data-id=\"eb31be1\" data-element_type=\"column\">\n\t\t\t<div class=\"elementor-widget-wrap elementor-element-populated\">\n\t\t\t\t\t\t<div class=\"elementor-element elementor-element-b9cbdc9 elementor-widget elementor-widget-heading\" data-id=\"b9cbdc9\" data-element_type=\"widget\" data-widget_type=\"heading.default\">\n\t\t\t\t<div class=\"elementor-widget-container\">\n\t\t\t\t\t<h2 class=\"elementor-heading-title elementor-size-default\">Somos parceiros KNIME no Brasil<\/h2>\t\t\t\t<\/div>\n\t\t\t\t<\/div>\n\t\t\t\t\t<\/div>\n\t\t<\/div>\n\t\t\t\t\t<\/div>\n\t\t<\/section>\n\t\t\t\t<section class=\"elementor-section elementor-top-section elementor-element elementor-element-0a74091 elementor-section-content-middle elementor-section-boxed elementor-section-height-default elementor-section-height-default\" data-id=\"0a74091\" data-element_type=\"section\">\n\t\t\t\t\t\t<div class=\"elementor-container elementor-column-gap-default\">\n\t\t\t\t\t<div class=\"elementor-column elementor-col-25 elementor-top-column elementor-element elementor-element-481c2cf\" data-id=\"481c2cf\" data-element_type=\"column\">\n\t\t\t<div class=\"elementor-widget-wrap\">\n\t\t\t\t\t\t\t<\/div>\n\t\t<\/div>\n\t\t\t\t<div class=\"elementor-column elementor-col-25 elementor-top-column elementor-element elementor-element-f940e33\" data-id=\"f940e33\" data-element_type=\"column\">\n\t\t\t<div class=\"elementor-widget-wrap elementor-element-populated\">\n\t\t\t\t\t\t<div class=\"elementor-element elementor-element-5f94ba1 elementor-widget elementor-widget-image\" data-id=\"5f94ba1\" data-element_type=\"widget\" data-widget_type=\"image.default\">\n\t\t\t\t<div class=\"elementor-widget-container\">\n\t\t\t\t\t\t\t\t\t\t\t\t\t\t\t<img decoding=\"async\" width=\"300\" height=\"104\" src=\"https:\/\/hupdata.com\/academy\/wp-content\/uploads\/2024\/05\/Logo_Hupdata_horizontal-1-300x104.webp\" class=\"attachment-medium size-medium wp-image-14763\" alt=\"\" srcset=\"https:\/\/hupdata.com\/academy\/wp-content\/uploads\/2024\/05\/Logo_Hupdata_horizontal-1-300x104.webp 300w, https:\/\/hupdata.com\/academy\/wp-content\/uploads\/2024\/05\/Logo_Hupdata_horizontal-1.webp 490w\" sizes=\"(max-width: 300px) 100vw, 300px\" \/>\t\t\t\t\t\t\t\t\t\t\t\t\t\t\t<\/div>\n\t\t\t\t<\/div>\n\t\t\t\t\t<\/div>\n\t\t<\/div>\n\t\t\t\t<div class=\"elementor-column elementor-col-25 elementor-top-column elementor-element elementor-element-57e76c1\" data-id=\"57e76c1\" data-element_type=\"column\">\n\t\t\t<div class=\"elementor-widget-wrap elementor-element-populated\">\n\t\t\t\t\t\t<div class=\"elementor-element elementor-element-df894d7 elementor-widget elementor-widget-image\" data-id=\"df894d7\" data-element_type=\"widget\" data-widget_type=\"image.default\">\n\t\t\t\t<div class=\"elementor-widget-container\">\n\t\t\t\t\t\t\t\t\t\t\t\t\t\t\t<img fetchpriority=\"high\" decoding=\"async\" width=\"490\" height=\"170\" src=\"https:\/\/hupdata.com\/academy\/wp-content\/uploads\/2022\/10\/Knime.webp\" class=\"attachment-large size-large wp-image-12868\" alt=\"\" srcset=\"https:\/\/hupdata.com\/academy\/wp-content\/uploads\/2022\/10\/Knime.webp 490w, https:\/\/hupdata.com\/academy\/wp-content\/uploads\/2022\/10\/Knime-300x104.webp 300w\" sizes=\"(max-width: 490px) 100vw, 490px\" \/>\t\t\t\t\t\t\t\t\t\t\t\t\t\t\t<\/div>\n\t\t\t\t<\/div>\n\t\t\t\t\t<\/div>\n\t\t<\/div>\n\t\t\t\t<div class=\"elementor-column elementor-col-25 elementor-top-column elementor-element elementor-element-6e1e74b\" data-id=\"6e1e74b\" data-element_type=\"column\">\n\t\t\t<div class=\"elementor-widget-wrap\">\n\t\t\t\t\t\t\t<\/div>\n\t\t<\/div>\n\t\t\t\t\t<\/div>\n\t\t<\/section>\n\t\t\t\t<section class=\"elementor-section elementor-top-section elementor-element elementor-element-34a8a66 elementor-section-boxed elementor-section-height-default elementor-section-height-default\" data-id=\"34a8a66\" data-element_type=\"section\" data-settings=\"{&quot;background_background&quot;:&quot;classic&quot;}\">\n\t\t\t\t\t\t<div class=\"elementor-container elementor-column-gap-default\">\n\t\t\t\t\t<div class=\"elementor-column elementor-col-100 elementor-top-column elementor-element elementor-element-29a75f6\" data-id=\"29a75f6\" data-element_type=\"column\">\n\t\t\t<div class=\"elementor-widget-wrap elementor-element-populated\">\n\t\t\t\t\t\t<div class=\"elementor-element elementor-element-ea3307f elementor-widget elementor-widget-heading\" data-id=\"ea3307f\" data-element_type=\"widget\" data-widget_type=\"heading.default\">\n\t\t\t\t<div class=\"elementor-widget-container\">\n\t\t\t\t\t<p class=\"elementor-heading-title elementor-size-default\">Hupdata - Empowering people to make data driven decisions | Copyright \u00a9 2024 - Todos os direitos reservados <\/p>\t\t\t\t<\/div>\n\t\t\t\t<\/div>\n\t\t\t\t\t<\/div>\n\t\t<\/div>\n\t\t\t\t\t<\/div>\n\t\t<\/section>\n\t\t\t\t<\/div>\n\t\t","protected":false},"excerpt":{"rendered":"<p>Folha de Dicas: Manipula\u00e7\u00e3o de Dados com KNIME Nesta folha de dicas voc\u00ea conhecer\u00e1 os principais recursos de manipula\u00e7\u00e3o de dados dispon\u00edveis no KNIME.\u00a0 Aplique diferentes tipos de filtros Transforme tabelas Agrupamento de Dados e Pivoting Aplique regras l\u00f3gicas e fun\u00e7\u00f5es matem\u00e1ticas Preencha o formul\u00e1rio para download Preencha o Formul\u00e1rio para receber a folha Somos [&hellip;]<\/p>\n","protected":false},"author":1,"featured_media":0,"parent":0,"menu_order":0,"comment_status":"closed","ping_status":"closed","template":"elementor_canvas","meta":{"_monsterinsights_skip_tracking":false,"_monsterinsights_sitenote_active":false,"_monsterinsights_sitenote_note":"","_monsterinsights_sitenote_category":0,"footnotes":""},"class_list":["post-9545","page","type-page","status-publish","hentry"],"yoast_head":"<!-- This site is optimized with the Yoast SEO plugin v26.8 - https:\/\/yoast.com\/product\/yoast-seo-wordpress\/ -->\n<title>Excel para KNIME - Download e-book gratuito em portugu\u00eas | Hupdata<\/title>\n<meta name=\"description\" content=\"Aqui voc\u00ea encontra todo os passos para migrar e automatizar os seus processos do Excel para KNIME, nesta tradu\u00e7\u00e3o deste e-book pela Hupdata\" \/>\n<meta name=\"robots\" content=\"index, follow, max-snippet:-1, max-image-preview:large, max-video-preview:-1\" \/>\n<meta property=\"og:locale\" content=\"pt_BR\" \/>\n<meta property=\"og:type\" content=\"article\" \/>\n<meta property=\"og:title\" content=\"Excel para KNIME - Download e-book gratuito em portugu\u00eas | Hupdata\" \/>\n<meta property=\"og:description\" content=\"Aqui voc\u00ea encontra todo os passos para migrar e automatizar os seus processos do Excel para KNIME, nesta tradu\u00e7\u00e3o deste e-book pela Hupdata\" \/>\n<meta property=\"og:url\" content=\"https:\/\/hupdata.com\/academy\/cadastro-manipulacao-de-dados\/\" \/>\n<meta property=\"og:site_name\" content=\"HupData\" \/>\n<meta property=\"article:publisher\" content=\"https:\/\/www.facebook.com\/hupdata\/\" \/>\n<meta property=\"article:modified_time\" content=\"2024-05-20T14:42:22+00:00\" \/>\n<meta property=\"og:image\" content=\"https:\/\/hupdata.com\/academy\/wp-content\/uploads\/2024\/05\/Logo_Hupdata_horizontal-1-300x104.webp\" \/>\n<meta name=\"twitter:card\" content=\"summary_large_image\" \/>\n<meta name=\"twitter:label1\" content=\"Est. tempo de leitura\" \/>\n\t<meta name=\"twitter:data1\" content=\"1 minuto\" \/>\n<script type=\"application\/ld+json\" class=\"yoast-schema-graph\">{\"@context\":\"https:\/\/schema.org\",\"@graph\":[{\"@type\":\"WebPage\",\"@id\":\"https:\/\/hupdata.com\/academy\/cadastro-manipulacao-de-dados\/\",\"url\":\"https:\/\/hupdata.com\/academy\/cadastro-manipulacao-de-dados\/\",\"name\":\"Excel para KNIME - Download e-book gratuito em portugu\u00eas | Hupdata\",\"isPartOf\":{\"@id\":\"https:\/\/hupdata.com\/academy\/#website\"},\"primaryImageOfPage\":{\"@id\":\"https:\/\/hupdata.com\/academy\/cadastro-manipulacao-de-dados\/#primaryimage\"},\"image\":{\"@id\":\"https:\/\/hupdata.com\/academy\/cadastro-manipulacao-de-dados\/#primaryimage\"},\"thumbnailUrl\":\"https:\/\/hupdata.com\/academy\/wp-content\/uploads\/2024\/05\/Logo_Hupdata_horizontal-1-300x104.webp\",\"datePublished\":\"2021-10-13T17:55:00+00:00\",\"dateModified\":\"2024-05-20T14:42:22+00:00\",\"description\":\"Aqui voc\u00ea encontra todo os passos para migrar e automatizar os seus processos do Excel para KNIME, nesta tradu\u00e7\u00e3o deste e-book pela Hupdata\",\"breadcrumb\":{\"@id\":\"https:\/\/hupdata.com\/academy\/cadastro-manipulacao-de-dados\/#breadcrumb\"},\"inLanguage\":\"pt-BR\",\"potentialAction\":[{\"@type\":\"ReadAction\",\"target\":[\"https:\/\/hupdata.com\/academy\/cadastro-manipulacao-de-dados\/\"]}]},{\"@type\":\"ImageObject\",\"inLanguage\":\"pt-BR\",\"@id\":\"https:\/\/hupdata.com\/academy\/cadastro-manipulacao-de-dados\/#primaryimage\",\"url\":\"https:\/\/hupdata.com\/academy\/wp-content\/uploads\/2024\/05\/Logo_Hupdata_horizontal-1.webp\",\"contentUrl\":\"https:\/\/hupdata.com\/academy\/wp-content\/uploads\/2024\/05\/Logo_Hupdata_horizontal-1.webp\",\"width\":490,\"height\":170},{\"@type\":\"BreadcrumbList\",\"@id\":\"https:\/\/hupdata.com\/academy\/cadastro-manipulacao-de-dados\/#breadcrumb\",\"itemListElement\":[{\"@type\":\"ListItem\",\"position\":1,\"name\":\"In\u00edcio\",\"item\":\"https:\/\/hupdata.com\/academy\/\"},{\"@type\":\"ListItem\",\"position\":2,\"name\":\"Folha de Dicas Manipula\u00e7\u00e3o de Dados: Cadastramento\"}]},{\"@type\":\"WebSite\",\"@id\":\"https:\/\/hupdata.com\/academy\/#website\",\"url\":\"https:\/\/hupdata.com\/academy\/\",\"name\":\"HupData\",\"description\":\"\",\"publisher\":{\"@id\":\"https:\/\/hupdata.com\/academy\/#organization\"},\"potentialAction\":[{\"@type\":\"SearchAction\",\"target\":{\"@type\":\"EntryPoint\",\"urlTemplate\":\"https:\/\/hupdata.com\/academy\/?s={search_term_string}\"},\"query-input\":{\"@type\":\"PropertyValueSpecification\",\"valueRequired\":true,\"valueName\":\"search_term_string\"}}],\"inLanguage\":\"pt-BR\"},{\"@type\":\"Organization\",\"@id\":\"https:\/\/hupdata.com\/academy\/#organization\",\"name\":\"Hupdaata\",\"url\":\"https:\/\/hupdata.com\/academy\/\",\"logo\":{\"@type\":\"ImageObject\",\"inLanguage\":\"pt-BR\",\"@id\":\"https:\/\/hupdata.com\/academy\/#\/schema\/logo\/image\/\",\"url\":\"\",\"contentUrl\":\"\",\"caption\":\"Hupdaata\"},\"image\":{\"@id\":\"https:\/\/hupdata.com\/academy\/#\/schema\/logo\/image\/\"},\"sameAs\":[\"https:\/\/www.facebook.com\/hupdata\/\"]}]}<\/script>\n<!-- \/ Yoast SEO plugin. -->","yoast_head_json":{"title":"Excel para KNIME - Download e-book gratuito em portugu\u00eas | Hupdata","description":"Aqui voc\u00ea encontra todo os passos para migrar e automatizar os seus processos do Excel para KNIME, nesta tradu\u00e7\u00e3o deste e-book pela Hupdata","robots":{"index":"index","follow":"follow","max-snippet":"max-snippet:-1","max-image-preview":"max-image-preview:large","max-video-preview":"max-video-preview:-1"},"og_locale":"pt_BR","og_type":"article","og_title":"Excel para KNIME - Download e-book gratuito em portugu\u00eas | Hupdata","og_description":"Aqui voc\u00ea encontra todo os passos para migrar e automatizar os seus processos do Excel para KNIME, nesta tradu\u00e7\u00e3o deste e-book pela Hupdata","og_url":"https:\/\/hupdata.com\/academy\/cadastro-manipulacao-de-dados\/","og_site_name":"HupData","article_publisher":"https:\/\/www.facebook.com\/hupdata\/","article_modified_time":"2024-05-20T14:42:22+00:00","og_image":[{"url":"https:\/\/hupdata.com\/academy\/wp-content\/uploads\/2024\/05\/Logo_Hupdata_horizontal-1-300x104.webp","type":"","width":"","height":""}],"twitter_card":"summary_large_image","twitter_misc":{"Est. tempo de leitura":"1 minuto"},"schema":{"@context":"https:\/\/schema.org","@graph":[{"@type":"WebPage","@id":"https:\/\/hupdata.com\/academy\/cadastro-manipulacao-de-dados\/","url":"https:\/\/hupdata.com\/academy\/cadastro-manipulacao-de-dados\/","name":"Excel para KNIME - Download e-book gratuito em portugu\u00eas | Hupdata","isPartOf":{"@id":"https:\/\/hupdata.com\/academy\/#website"},"primaryImageOfPage":{"@id":"https:\/\/hupdata.com\/academy\/cadastro-manipulacao-de-dados\/#primaryimage"},"image":{"@id":"https:\/\/hupdata.com\/academy\/cadastro-manipulacao-de-dados\/#primaryimage"},"thumbnailUrl":"https:\/\/hupdata.com\/academy\/wp-content\/uploads\/2024\/05\/Logo_Hupdata_horizontal-1-300x104.webp","datePublished":"2021-10-13T17:55:00+00:00","dateModified":"2024-05-20T14:42:22+00:00","description":"Aqui voc\u00ea encontra todo os passos para migrar e automatizar os seus processos do Excel para KNIME, nesta tradu\u00e7\u00e3o deste e-book pela Hupdata","breadcrumb":{"@id":"https:\/\/hupdata.com\/academy\/cadastro-manipulacao-de-dados\/#breadcrumb"},"inLanguage":"pt-BR","potentialAction":[{"@type":"ReadAction","target":["https:\/\/hupdata.com\/academy\/cadastro-manipulacao-de-dados\/"]}]},{"@type":"ImageObject","inLanguage":"pt-BR","@id":"https:\/\/hupdata.com\/academy\/cadastro-manipulacao-de-dados\/#primaryimage","url":"https:\/\/hupdata.com\/academy\/wp-content\/uploads\/2024\/05\/Logo_Hupdata_horizontal-1.webp","contentUrl":"https:\/\/hupdata.com\/academy\/wp-content\/uploads\/2024\/05\/Logo_Hupdata_horizontal-1.webp","width":490,"height":170},{"@type":"BreadcrumbList","@id":"https:\/\/hupdata.com\/academy\/cadastro-manipulacao-de-dados\/#breadcrumb","itemListElement":[{"@type":"ListItem","position":1,"name":"In\u00edcio","item":"https:\/\/hupdata.com\/academy\/"},{"@type":"ListItem","position":2,"name":"Folha de Dicas Manipula\u00e7\u00e3o de Dados: Cadastramento"}]},{"@type":"WebSite","@id":"https:\/\/hupdata.com\/academy\/#website","url":"https:\/\/hupdata.com\/academy\/","name":"HupData","description":"","publisher":{"@id":"https:\/\/hupdata.com\/academy\/#organization"},"potentialAction":[{"@type":"SearchAction","target":{"@type":"EntryPoint","urlTemplate":"https:\/\/hupdata.com\/academy\/?s={search_term_string}"},"query-input":{"@type":"PropertyValueSpecification","valueRequired":true,"valueName":"search_term_string"}}],"inLanguage":"pt-BR"},{"@type":"Organization","@id":"https:\/\/hupdata.com\/academy\/#organization","name":"Hupdaata","url":"https:\/\/hupdata.com\/academy\/","logo":{"@type":"ImageObject","inLanguage":"pt-BR","@id":"https:\/\/hupdata.com\/academy\/#\/schema\/logo\/image\/","url":"","contentUrl":"","caption":"Hupdaata"},"image":{"@id":"https:\/\/hupdata.com\/academy\/#\/schema\/logo\/image\/"},"sameAs":["https:\/\/www.facebook.com\/hupdata\/"]}]}},"_links":{"self":[{"href":"https:\/\/hupdata.com\/academy\/wp-json\/wp\/v2\/pages\/9545","targetHints":{"allow":["GET"]}}],"collection":[{"href":"https:\/\/hupdata.com\/academy\/wp-json\/wp\/v2\/pages"}],"about":[{"href":"https:\/\/hupdata.com\/academy\/wp-json\/wp\/v2\/types\/page"}],"author":[{"embeddable":true,"href":"https:\/\/hupdata.com\/academy\/wp-json\/wp\/v2\/users\/1"}],"replies":[{"embeddable":true,"href":"https:\/\/hupdata.com\/academy\/wp-json\/wp\/v2\/comments?post=9545"}],"version-history":[{"count":30,"href":"https:\/\/hupdata.com\/academy\/wp-json\/wp\/v2\/pages\/9545\/revisions"}],"predecessor-version":[{"id":14777,"href":"https:\/\/hupdata.com\/academy\/wp-json\/wp\/v2\/pages\/9545\/revisions\/14777"}],"wp:attachment":[{"href":"https:\/\/hupdata.com\/academy\/wp-json\/wp\/v2\/media?parent=9545"}],"curies":[{"name":"wp","href":"https:\/\/api.w.org\/{rel}","templated":true}]}}