{"id":9706,"date":"2021-11-08T17:20:02","date_gmt":"2021-11-08T17:20:02","guid":{"rendered":"https:\/\/hupdata.com\/academy\/?page_id=9706"},"modified":"2024-05-20T14:57:00","modified_gmt":"2024-05-20T14:57:00","slug":"ebook-manipulacao-dados-com-knime-cadastramento","status":"publish","type":"page","link":"https:\/\/hupdata.com\/academy\/ebook-manipulacao-dados-com-knime-cadastramento\/","title":{"rendered":"Ebook Manipula\u00e7\u00e3o de Dados com Knime: Cadastramento"},"content":{"rendered":"\t\t<div data-elementor-type=\"wp-page\" data-elementor-id=\"9706\" class=\"elementor elementor-9706\" data-elementor-post-type=\"page\">\n\t\t\t\t\t\t<section class=\"elementor-section elementor-top-section elementor-element elementor-element-23638b6 elementor-section-boxed elementor-section-height-default elementor-section-height-default\" data-id=\"23638b6\" data-element_type=\"section\">\n\t\t\t\t\t\t<div class=\"elementor-container elementor-column-gap-default\">\n\t\t\t\t\t<div class=\"elementor-column elementor-col-100 elementor-top-column elementor-element elementor-element-987cd14\" data-id=\"987cd14\" data-element_type=\"column\" data-settings=\"{&quot;background_background&quot;:&quot;classic&quot;}\">\n\t\t\t<div class=\"elementor-widget-wrap elementor-element-populated\">\n\t\t\t\t\t\t<div class=\"elementor-element elementor-element-15b5b7d elementor-widget elementor-widget-spacer\" data-id=\"15b5b7d\" data-element_type=\"widget\" data-widget_type=\"spacer.default\">\n\t\t\t\t<div class=\"elementor-widget-container\">\n\t\t\t\t\t\t\t<div class=\"elementor-spacer\">\n\t\t\t<div class=\"elementor-spacer-inner\"><\/div>\n\t\t<\/div>\n\t\t\t\t\t\t<\/div>\n\t\t\t\t<\/div>\n\t\t\t\t<div class=\"elementor-element elementor-element-9ad01fe elementor-widget elementor-widget-heading\" data-id=\"9ad01fe\" data-element_type=\"widget\" data-widget_type=\"heading.default\">\n\t\t\t\t<div class=\"elementor-widget-container\">\n\t\t\t\t\t<h2 class=\"elementor-heading-title elementor-size-default\">E-book em Portugu\u00eas<\/h2>\t\t\t\t<\/div>\n\t\t\t\t<\/div>\n\t\t\t\t<div class=\"elementor-element elementor-element-5e34fcf elementor-widget elementor-widget-heading\" data-id=\"5e34fcf\" data-element_type=\"widget\" data-widget_type=\"heading.default\">\n\t\t\t\t<div class=\"elementor-widget-container\">\n\t\t\t\t\t<h2 class=\"elementor-heading-title elementor-size-default\">Manipula\u00e7\u00e3o de Dados com KNIME<\/h2>\t\t\t\t<\/div>\n\t\t\t\t<\/div>\n\t\t\t\t<div class=\"elementor-element elementor-element-9b0b7f8 elementor-widget elementor-widget-text-editor\" data-id=\"9b0b7f8\" data-element_type=\"widget\" data-widget_type=\"text-editor.default\">\n\t\t\t\t<div class=\"elementor-widget-container\">\n\t\t\t\t\t\t\t\t\t<p>Neste e-book voc\u00ea conhecer\u00e1 os principais recursos de manipula\u00e7\u00e3o de dados dispon\u00edveis no KNIME<\/p>\t\t\t\t\t\t\t\t<\/div>\n\t\t\t\t<\/div>\n\t\t\t\t<div class=\"elementor-element elementor-element-09fb9ef elementor-align-left elementor-widget__width-initial elementor-icon-list--layout-traditional elementor-list-item-link-full_width elementor-widget elementor-widget-icon-list\" data-id=\"09fb9ef\" data-element_type=\"widget\" data-widget_type=\"icon-list.default\">\n\t\t\t\t<div class=\"elementor-widget-container\">\n\t\t\t\t\t\t\t<ul class=\"elementor-icon-list-items\">\n\t\t\t\t\t\t\t<li class=\"elementor-icon-list-item\">\n\t\t\t\t\t\t\t\t\t\t\t<span class=\"elementor-icon-list-icon\">\n\t\t\t\t\t\t\t<i aria-hidden=\"true\" class=\"fas fa-check\"><\/i>\t\t\t\t\t\t<\/span>\n\t\t\t\t\t\t\t\t\t\t<span class=\"elementor-icon-list-text\">Aplique diferentes tipos de filtros<\/span>\n\t\t\t\t\t\t\t\t\t<\/li>\n\t\t\t\t\t\t\t\t<li class=\"elementor-icon-list-item\">\n\t\t\t\t\t\t\t\t\t\t\t<span class=\"elementor-icon-list-icon\">\n\t\t\t\t\t\t\t<i aria-hidden=\"true\" class=\"fas fa-check\"><\/i>\t\t\t\t\t\t<\/span>\n\t\t\t\t\t\t\t\t\t\t<span class=\"elementor-icon-list-text\">Transforme tabelas<\/span>\n\t\t\t\t\t\t\t\t\t<\/li>\n\t\t\t\t\t\t\t\t<li class=\"elementor-icon-list-item\">\n\t\t\t\t\t\t\t\t\t\t\t<span class=\"elementor-icon-list-icon\">\n\t\t\t\t\t\t\t<i aria-hidden=\"true\" class=\"fas fa-check\"><\/i>\t\t\t\t\t\t<\/span>\n\t\t\t\t\t\t\t\t\t\t<span class=\"elementor-icon-list-text\">Agrupamento de dados e Pivoting<\/span>\n\t\t\t\t\t\t\t\t\t<\/li>\n\t\t\t\t\t\t\t\t<li class=\"elementor-icon-list-item\">\n\t\t\t\t\t\t\t\t\t\t\t<span class=\"elementor-icon-list-icon\">\n\t\t\t\t\t\t\t<i aria-hidden=\"true\" class=\"fas fa-check\"><\/i>\t\t\t\t\t\t<\/span>\n\t\t\t\t\t\t\t\t\t\t<span class=\"elementor-icon-list-text\">Aplique regras l\u00f3gicas e fun\u00e7\u00f5es matem\u00e1ticas<\/span>\n\t\t\t\t\t\t\t\t\t<\/li>\n\t\t\t\t\t\t<\/ul>\n\t\t\t\t\t\t<\/div>\n\t\t\t\t<\/div>\n\t\t\t\t\t<\/div>\n\t\t<\/div>\n\t\t\t\t\t<\/div>\n\t\t<\/section>\n\t\t\t\t<section class=\"elementor-section elementor-top-section elementor-element elementor-element-afdae02 elementor-section-boxed elementor-section-height-default elementor-section-height-default\" data-id=\"afdae02\" data-element_type=\"section\">\n\t\t\t\t\t\t<div class=\"elementor-container elementor-column-gap-default\">\n\t\t\t\t\t<div class=\"elementor-column elementor-col-100 elementor-top-column elementor-element elementor-element-c3b175e\" data-id=\"c3b175e\" data-element_type=\"column\">\n\t\t\t<div class=\"elementor-widget-wrap elementor-element-populated\">\n\t\t\t\t\t\t<div class=\"elementor-element elementor-element-f12c596 elementor-widget elementor-widget-spacer\" data-id=\"f12c596\" data-element_type=\"widget\" data-widget_type=\"spacer.default\">\n\t\t\t\t<div class=\"elementor-widget-container\">\n\t\t\t\t\t\t\t<div class=\"elementor-spacer\">\n\t\t\t<div class=\"elementor-spacer-inner\"><\/div>\n\t\t<\/div>\n\t\t\t\t\t\t<\/div>\n\t\t\t\t<\/div>\n\t\t\t\t<div class=\"elementor-element elementor-element-f2ff0b3 elementor-widget elementor-widget-heading\" data-id=\"f2ff0b3\" data-element_type=\"widget\" data-widget_type=\"heading.default\">\n\t\t\t\t<div class=\"elementor-widget-container\">\n\t\t\t\t\t<h2 class=\"elementor-heading-title elementor-size-default\">Preencha o formul\u00e1rio para receber o E-book<\/h2>\t\t\t\t<\/div>\n\t\t\t\t<\/div>\n\t\t\t\t<div class=\"elementor-element elementor-element-935e82a elementor-widget elementor-widget-shortcode\" data-id=\"935e82a\" data-element_type=\"widget\" data-widget_type=\"shortcode.default\">\n\t\t\t\t<div class=\"elementor-widget-container\">\n\t\t\t\t\t\t\t<div class=\"elementor-shortcode\">\n<iframe width=\"2000\" height=\"1050px\" src=\"https:\/\/dfd217d8.sibforms.com\/serve\/MUIFAJ7Nxu1Kwv-Cjbb3tlvNmV5_6Kd5pC97NaF7xhHVur8qNqSezw_8PWHdPkWdCHtP9AN00vKmbXt9vilAfAw7WKdxD0auI6VJUGJaiOFx1Y1_p-MjL_nm_gFPO_4J6OJ44u4XNQFnd2MyjYm7tPfCGGEenai56sBt6gJ432e1CQV8RKXL4cEVVmwtR534YK4JwjjyLYMfQwvT\" frameborder=\"0\" scrolling=\"auto\" allowfullscreen style=\"display: block; margin:0 auto; \"><\/iframe><\/div>\n\t\t\t\t\t\t<\/div>\n\t\t\t\t<\/div>\n\t\t\t\t\t<\/div>\n\t\t<\/div>\n\t\t\t\t\t<\/div>\n\t\t<\/section>\n\t\t\t\t<section class=\"elementor-section elementor-top-section elementor-element elementor-element-ba33b3c elementor-section-content-middle elementor-section-boxed elementor-section-height-default elementor-section-height-default\" data-id=\"ba33b3c\" data-element_type=\"section\" data-settings=\"{&quot;background_background&quot;:&quot;gradient&quot;}\">\n\t\t\t\t\t\t<div class=\"elementor-container elementor-column-gap-default\">\n\t\t\t\t\t<div class=\"elementor-column elementor-col-100 elementor-top-column elementor-element elementor-element-e9614cc\" data-id=\"e9614cc\" data-element_type=\"column\" data-settings=\"{&quot;background_background&quot;:&quot;classic&quot;}\">\n\t\t\t<div class=\"elementor-widget-wrap elementor-element-populated\">\n\t\t\t\t\t\t<div class=\"elementor-element elementor-element-9b37fd3 elementor-widget elementor-widget-heading\" data-id=\"9b37fd3\" data-element_type=\"widget\" data-widget_type=\"heading.default\">\n\t\t\t\t<div class=\"elementor-widget-container\">\n\t\t\t\t\t<h2 class=\"elementor-heading-title elementor-size-default\">Automatize processos de dados utilizando KNIME<\/h2>\t\t\t\t<\/div>\n\t\t\t\t<\/div>\n\t\t\t\t<div class=\"elementor-element elementor-element-c98ac47 elementor-widget elementor-widget-text-editor\" data-id=\"c98ac47\" data-element_type=\"widget\" data-widget_type=\"text-editor.default\">\n\t\t\t\t<div class=\"elementor-widget-container\">\n\t\t\t\t\t\t\t\t\t<p><span style=\"color: #ffffff;\">Veja como o KNIME pode lhe ajudar a escalar e automatizar as tarefas do seu dia. Aprenda como migrar suas an\u00e1lises de Excel para KNIME f\u00e1cilmente.<\/span><\/p>\t\t\t\t\t\t\t\t<\/div>\n\t\t\t\t<\/div>\n\t\t\t\t\t<\/div>\n\t\t<\/div>\n\t\t\t\t\t<\/div>\n\t\t<\/section>\n\t\t\t\t<section class=\"elementor-section elementor-top-section elementor-element elementor-element-2cea500 elementor-section-boxed elementor-section-height-default elementor-section-height-default\" data-id=\"2cea500\" data-element_type=\"section\">\n\t\t\t\t\t\t<div class=\"elementor-container elementor-column-gap-default\">\n\t\t\t\t\t<div class=\"elementor-column elementor-col-100 elementor-top-column elementor-element elementor-element-eb31be1\" data-id=\"eb31be1\" data-element_type=\"column\">\n\t\t\t<div class=\"elementor-widget-wrap elementor-element-populated\">\n\t\t\t\t\t\t<div class=\"elementor-element elementor-element-b9cbdc9 elementor-widget elementor-widget-heading\" data-id=\"b9cbdc9\" data-element_type=\"widget\" data-widget_type=\"heading.default\">\n\t\t\t\t<div class=\"elementor-widget-container\">\n\t\t\t\t\t<h2 class=\"elementor-heading-title elementor-size-default\">Somos parceiros KNIME no Brasil<\/h2>\t\t\t\t<\/div>\n\t\t\t\t<\/div>\n\t\t\t\t\t<\/div>\n\t\t<\/div>\n\t\t\t\t\t<\/div>\n\t\t<\/section>\n\t\t\t\t<section class=\"elementor-section elementor-top-section elementor-element elementor-element-0a74091 elementor-section-content-middle elementor-section-boxed elementor-section-height-default elementor-section-height-default\" data-id=\"0a74091\" data-element_type=\"section\">\n\t\t\t\t\t\t<div class=\"elementor-container elementor-column-gap-default\">\n\t\t\t\t\t<div class=\"elementor-column elementor-col-25 elementor-top-column elementor-element elementor-element-481c2cf\" data-id=\"481c2cf\" data-element_type=\"column\">\n\t\t\t<div class=\"elementor-widget-wrap\">\n\t\t\t\t\t\t\t<\/div>\n\t\t<\/div>\n\t\t\t\t<div class=\"elementor-column elementor-col-25 elementor-top-column elementor-element elementor-element-f940e33\" data-id=\"f940e33\" data-element_type=\"column\">\n\t\t\t<div class=\"elementor-widget-wrap elementor-element-populated\">\n\t\t\t\t\t\t<div class=\"elementor-element elementor-element-5f94ba1 elementor-widget elementor-widget-image\" data-id=\"5f94ba1\" data-element_type=\"widget\" data-widget_type=\"image.default\">\n\t\t\t\t<div class=\"elementor-widget-container\">\n\t\t\t\t\t\t\t\t\t\t\t\t\t\t\t<img fetchpriority=\"high\" decoding=\"async\" width=\"490\" height=\"170\" src=\"https:\/\/hupdata.com\/academy\/wp-content\/uploads\/2024\/05\/Logo_Hupdata_horizontal-1.webp\" class=\"attachment-large size-large wp-image-14763\" alt=\"\" srcset=\"https:\/\/hupdata.com\/academy\/wp-content\/uploads\/2024\/05\/Logo_Hupdata_horizontal-1.webp 490w, https:\/\/hupdata.com\/academy\/wp-content\/uploads\/2024\/05\/Logo_Hupdata_horizontal-1-300x104.webp 300w\" sizes=\"(max-width: 490px) 100vw, 490px\" \/>\t\t\t\t\t\t\t\t\t\t\t\t\t\t\t<\/div>\n\t\t\t\t<\/div>\n\t\t\t\t\t<\/div>\n\t\t<\/div>\n\t\t\t\t<div class=\"elementor-column elementor-col-25 elementor-top-column elementor-element elementor-element-57e76c1\" data-id=\"57e76c1\" data-element_type=\"column\">\n\t\t\t<div class=\"elementor-widget-wrap elementor-element-populated\">\n\t\t\t\t\t\t<div class=\"elementor-element elementor-element-df894d7 elementor-widget elementor-widget-image\" data-id=\"df894d7\" data-element_type=\"widget\" data-widget_type=\"image.default\">\n\t\t\t\t<div class=\"elementor-widget-container\">\n\t\t\t\t\t\t\t\t\t\t\t\t\t\t\t<img decoding=\"async\" width=\"800\" height=\"209\" src=\"https:\/\/hupdata.com\/academy\/wp-content\/uploads\/2022\/05\/knime-personal-productivity.master-1024x267.png\" class=\"attachment-large size-large wp-image-11175\" alt=\"\" srcset=\"https:\/\/hupdata.com\/academy\/wp-content\/uploads\/2022\/05\/knime-personal-productivity.master-1024x267.png 1024w, https:\/\/hupdata.com\/academy\/wp-content\/uploads\/2022\/05\/knime-personal-productivity.master-300x78.png 300w, https:\/\/hupdata.com\/academy\/wp-content\/uploads\/2022\/05\/knime-personal-productivity.master-768x200.png 768w, https:\/\/hupdata.com\/academy\/wp-content\/uploads\/2022\/05\/knime-personal-productivity.master-1536x401.png 1536w, https:\/\/hupdata.com\/academy\/wp-content\/uploads\/2022\/05\/knime-personal-productivity.master.png 2048w\" sizes=\"(max-width: 800px) 100vw, 800px\" \/>\t\t\t\t\t\t\t\t\t\t\t\t\t\t\t<\/div>\n\t\t\t\t<\/div>\n\t\t\t\t\t<\/div>\n\t\t<\/div>\n\t\t\t\t<div class=\"elementor-column elementor-col-25 elementor-top-column elementor-element elementor-element-6e1e74b\" data-id=\"6e1e74b\" data-element_type=\"column\">\n\t\t\t<div class=\"elementor-widget-wrap\">\n\t\t\t\t\t\t\t<\/div>\n\t\t<\/div>\n\t\t\t\t\t<\/div>\n\t\t<\/section>\n\t\t\t\t<section class=\"elementor-section elementor-top-section elementor-element elementor-element-34a8a66 elementor-section-boxed elementor-section-height-default elementor-section-height-default\" data-id=\"34a8a66\" data-element_type=\"section\" data-settings=\"{&quot;background_background&quot;:&quot;classic&quot;}\">\n\t\t\t\t\t\t<div class=\"elementor-container elementor-column-gap-default\">\n\t\t\t\t\t<div class=\"elementor-column elementor-col-100 elementor-top-column elementor-element elementor-element-29a75f6\" data-id=\"29a75f6\" data-element_type=\"column\">\n\t\t\t<div class=\"elementor-widget-wrap elementor-element-populated\">\n\t\t\t\t\t\t<div class=\"elementor-element elementor-element-ea3307f elementor-widget elementor-widget-heading\" data-id=\"ea3307f\" data-element_type=\"widget\" data-widget_type=\"heading.default\">\n\t\t\t\t<div class=\"elementor-widget-container\">\n\t\t\t\t\t<p class=\"elementor-heading-title elementor-size-default\"><span style=\"font-family: Raleway, sans-serif;font-size: 14px;font-style: normal;font-weight: 600\">Hupdata - Empowering people to make data driven decisions | Copyright \u00a9 2024 - Todos os direitos reservados<\/span><\/p>\t\t\t\t<\/div>\n\t\t\t\t<\/div>\n\t\t\t\t\t<\/div>\n\t\t<\/div>\n\t\t\t\t\t<\/div>\n\t\t<\/section>\n\t\t\t\t<section class=\"elementor-section elementor-top-section elementor-element elementor-element-a3b253e elementor-section-boxed elementor-section-height-default elementor-section-height-default\" data-id=\"a3b253e\" data-element_type=\"section\">\n\t\t\t\t\t\t<div class=\"elementor-container elementor-column-gap-default\">\n\t\t\t\t\t<div class=\"elementor-column elementor-col-100 elementor-top-column elementor-element elementor-element-8545087\" data-id=\"8545087\" data-element_type=\"column\">\n\t\t\t<div class=\"elementor-widget-wrap\">\n\t\t\t\t\t\t\t<\/div>\n\t\t<\/div>\n\t\t\t\t\t<\/div>\n\t\t<\/section>\n\t\t\t\t<section class=\"elementor-section elementor-top-section elementor-element elementor-element-697b30b elementor-section-boxed elementor-section-height-default elementor-section-height-default\" data-id=\"697b30b\" data-element_type=\"section\">\n\t\t\t\t\t\t<div class=\"elementor-container elementor-column-gap-default\">\n\t\t\t\t\t<div class=\"elementor-column elementor-col-100 elementor-top-column elementor-element elementor-element-601b3ba\" data-id=\"601b3ba\" data-element_type=\"column\">\n\t\t\t<div class=\"elementor-widget-wrap\">\n\t\t\t\t\t\t\t<\/div>\n\t\t<\/div>\n\t\t\t\t\t<\/div>\n\t\t<\/section>\n\t\t\t\t<\/div>\n\t\t","protected":false},"excerpt":{"rendered":"<p>E-book em Portugu\u00eas Manipula\u00e7\u00e3o de Dados com KNIME Neste e-book voc\u00ea conhecer\u00e1 os principais recursos de manipula\u00e7\u00e3o de dados dispon\u00edveis no KNIME Aplique diferentes tipos de filtros Transforme tabelas Agrupamento de dados e Pivoting Aplique regras l\u00f3gicas e fun\u00e7\u00f5es matem\u00e1ticas Preencha o formul\u00e1rio para receber o E-book Automatize processos de dados utilizando KNIME Veja como [&hellip;]<\/p>\n","protected":false},"author":1,"featured_media":9701,"parent":0,"menu_order":0,"comment_status":"closed","ping_status":"closed","template":"elementor_canvas","meta":{"_monsterinsights_skip_tracking":false,"_monsterinsights_sitenote_active":false,"_monsterinsights_sitenote_note":"","_monsterinsights_sitenote_category":0,"footnotes":""},"class_list":["post-9706","page","type-page","status-publish","has-post-thumbnail","hentry"],"yoast_head":"<!-- This site is optimized with the Yoast SEO plugin v26.8 - https:\/\/yoast.com\/product\/yoast-seo-wordpress\/ -->\n<title>Excel para KNIME - Download e-book gratuito em portugu\u00eas | Hupdata<\/title>\n<meta name=\"description\" content=\"Aqui voc\u00ea encontra todo os passos para migrar e automatizar os seus processos do Excel para KNIME, nesta tradu\u00e7\u00e3o deste e-book pela Hupdata\" \/>\n<meta name=\"robots\" content=\"index, follow, max-snippet:-1, max-image-preview:large, max-video-preview:-1\" \/>\n<meta property=\"og:locale\" content=\"pt_BR\" \/>\n<meta property=\"og:type\" content=\"article\" \/>\n<meta property=\"og:title\" content=\"Excel para KNIME - Download e-book gratuito em portugu\u00eas | Hupdata\" \/>\n<meta property=\"og:description\" content=\"Aqui voc\u00ea encontra todo os passos para migrar e automatizar os seus processos do Excel para KNIME, nesta tradu\u00e7\u00e3o deste e-book pela Hupdata\" \/>\n<meta property=\"og:url\" content=\"https:\/\/hupdata.com\/academy\/ebook-manipulacao-dados-com-knime-cadastramento\/\" \/>\n<meta property=\"og:site_name\" content=\"HupData\" \/>\n<meta property=\"article:publisher\" content=\"https:\/\/www.facebook.com\/hupdata\/\" \/>\n<meta property=\"article:modified_time\" content=\"2024-05-20T14:57:00+00:00\" \/>\n<meta property=\"og:image\" content=\"https:\/\/hupdata.com\/academy\/wp-content\/uploads\/2020\/08\/Captura-de-Tela-2021-11-08-a\u0300s-11.36.28.png\" \/>\n\t<meta property=\"og:image:width\" content=\"1928\" \/>\n\t<meta property=\"og:image:height\" content=\"1372\" \/>\n\t<meta property=\"og:image:type\" content=\"image\/png\" \/>\n<meta name=\"twitter:card\" content=\"summary_large_image\" \/>\n<meta name=\"twitter:label1\" content=\"Est. tempo de leitura\" \/>\n\t<meta name=\"twitter:data1\" content=\"1 minuto\" \/>\n<script type=\"application\/ld+json\" class=\"yoast-schema-graph\">{\"@context\":\"https:\/\/schema.org\",\"@graph\":[{\"@type\":\"WebPage\",\"@id\":\"https:\/\/hupdata.com\/academy\/ebook-manipulacao-dados-com-knime-cadastramento\/\",\"url\":\"https:\/\/hupdata.com\/academy\/ebook-manipulacao-dados-com-knime-cadastramento\/\",\"name\":\"Excel para KNIME - Download e-book gratuito em portugu\u00eas | Hupdata\",\"isPartOf\":{\"@id\":\"https:\/\/hupdata.com\/academy\/#website\"},\"primaryImageOfPage\":{\"@id\":\"https:\/\/hupdata.com\/academy\/ebook-manipulacao-dados-com-knime-cadastramento\/#primaryimage\"},\"image\":{\"@id\":\"https:\/\/hupdata.com\/academy\/ebook-manipulacao-dados-com-knime-cadastramento\/#primaryimage\"},\"thumbnailUrl\":\"https:\/\/hupdata.com\/academy\/wp-content\/uploads\/2020\/08\/Captura-de-Tela-2021-11-08-a\u0300s-11.36.28.png\",\"datePublished\":\"2021-11-08T17:20:02+00:00\",\"dateModified\":\"2024-05-20T14:57:00+00:00\",\"description\":\"Aqui voc\u00ea encontra todo os passos para migrar e automatizar os seus processos do Excel para KNIME, nesta tradu\u00e7\u00e3o deste e-book pela Hupdata\",\"breadcrumb\":{\"@id\":\"https:\/\/hupdata.com\/academy\/ebook-manipulacao-dados-com-knime-cadastramento\/#breadcrumb\"},\"inLanguage\":\"pt-BR\",\"potentialAction\":[{\"@type\":\"ReadAction\",\"target\":[\"https:\/\/hupdata.com\/academy\/ebook-manipulacao-dados-com-knime-cadastramento\/\"]}]},{\"@type\":\"ImageObject\",\"inLanguage\":\"pt-BR\",\"@id\":\"https:\/\/hupdata.com\/academy\/ebook-manipulacao-dados-com-knime-cadastramento\/#primaryimage\",\"url\":\"https:\/\/hupdata.com\/academy\/wp-content\/uploads\/2020\/08\/Captura-de-Tela-2021-11-08-a\u0300s-11.36.28.png\",\"contentUrl\":\"https:\/\/hupdata.com\/academy\/wp-content\/uploads\/2020\/08\/Captura-de-Tela-2021-11-08-a\u0300s-11.36.28.png\",\"width\":1928,\"height\":1372,\"caption\":\"Capa Ebook Manipula\u00e7\u00e3o de Dados com Knime\"},{\"@type\":\"BreadcrumbList\",\"@id\":\"https:\/\/hupdata.com\/academy\/ebook-manipulacao-dados-com-knime-cadastramento\/#breadcrumb\",\"itemListElement\":[{\"@type\":\"ListItem\",\"position\":1,\"name\":\"In\u00edcio\",\"item\":\"https:\/\/hupdata.com\/academy\/\"},{\"@type\":\"ListItem\",\"position\":2,\"name\":\"Ebook Manipula\u00e7\u00e3o de Dados com Knime: Cadastramento\"}]},{\"@type\":\"WebSite\",\"@id\":\"https:\/\/hupdata.com\/academy\/#website\",\"url\":\"https:\/\/hupdata.com\/academy\/\",\"name\":\"HupData\",\"description\":\"\",\"publisher\":{\"@id\":\"https:\/\/hupdata.com\/academy\/#organization\"},\"potentialAction\":[{\"@type\":\"SearchAction\",\"target\":{\"@type\":\"EntryPoint\",\"urlTemplate\":\"https:\/\/hupdata.com\/academy\/?s={search_term_string}\"},\"query-input\":{\"@type\":\"PropertyValueSpecification\",\"valueRequired\":true,\"valueName\":\"search_term_string\"}}],\"inLanguage\":\"pt-BR\"},{\"@type\":\"Organization\",\"@id\":\"https:\/\/hupdata.com\/academy\/#organization\",\"name\":\"Hupdaata\",\"url\":\"https:\/\/hupdata.com\/academy\/\",\"logo\":{\"@type\":\"ImageObject\",\"inLanguage\":\"pt-BR\",\"@id\":\"https:\/\/hupdata.com\/academy\/#\/schema\/logo\/image\/\",\"url\":\"\",\"contentUrl\":\"\",\"caption\":\"Hupdaata\"},\"image\":{\"@id\":\"https:\/\/hupdata.com\/academy\/#\/schema\/logo\/image\/\"},\"sameAs\":[\"https:\/\/www.facebook.com\/hupdata\/\"]}]}<\/script>\n<!-- \/ Yoast SEO plugin. -->","yoast_head_json":{"title":"Excel para KNIME - Download e-book gratuito em portugu\u00eas | Hupdata","description":"Aqui voc\u00ea encontra todo os passos para migrar e automatizar os seus processos do Excel para KNIME, nesta tradu\u00e7\u00e3o deste e-book pela Hupdata","robots":{"index":"index","follow":"follow","max-snippet":"max-snippet:-1","max-image-preview":"max-image-preview:large","max-video-preview":"max-video-preview:-1"},"og_locale":"pt_BR","og_type":"article","og_title":"Excel para KNIME - Download e-book gratuito em portugu\u00eas | Hupdata","og_description":"Aqui voc\u00ea encontra todo os passos para migrar e automatizar os seus processos do Excel para KNIME, nesta tradu\u00e7\u00e3o deste e-book pela Hupdata","og_url":"https:\/\/hupdata.com\/academy\/ebook-manipulacao-dados-com-knime-cadastramento\/","og_site_name":"HupData","article_publisher":"https:\/\/www.facebook.com\/hupdata\/","article_modified_time":"2024-05-20T14:57:00+00:00","og_image":[{"width":1928,"height":1372,"url":"https:\/\/hupdata.com\/academy\/wp-content\/uploads\/2020\/08\/Captura-de-Tela-2021-11-08-a\u0300s-11.36.28.png","type":"image\/png"}],"twitter_card":"summary_large_image","twitter_misc":{"Est. tempo de leitura":"1 minuto"},"schema":{"@context":"https:\/\/schema.org","@graph":[{"@type":"WebPage","@id":"https:\/\/hupdata.com\/academy\/ebook-manipulacao-dados-com-knime-cadastramento\/","url":"https:\/\/hupdata.com\/academy\/ebook-manipulacao-dados-com-knime-cadastramento\/","name":"Excel para KNIME - Download e-book gratuito em portugu\u00eas | Hupdata","isPartOf":{"@id":"https:\/\/hupdata.com\/academy\/#website"},"primaryImageOfPage":{"@id":"https:\/\/hupdata.com\/academy\/ebook-manipulacao-dados-com-knime-cadastramento\/#primaryimage"},"image":{"@id":"https:\/\/hupdata.com\/academy\/ebook-manipulacao-dados-com-knime-cadastramento\/#primaryimage"},"thumbnailUrl":"https:\/\/hupdata.com\/academy\/wp-content\/uploads\/2020\/08\/Captura-de-Tela-2021-11-08-a\u0300s-11.36.28.png","datePublished":"2021-11-08T17:20:02+00:00","dateModified":"2024-05-20T14:57:00+00:00","description":"Aqui voc\u00ea encontra todo os passos para migrar e automatizar os seus processos do Excel para KNIME, nesta tradu\u00e7\u00e3o deste e-book pela Hupdata","breadcrumb":{"@id":"https:\/\/hupdata.com\/academy\/ebook-manipulacao-dados-com-knime-cadastramento\/#breadcrumb"},"inLanguage":"pt-BR","potentialAction":[{"@type":"ReadAction","target":["https:\/\/hupdata.com\/academy\/ebook-manipulacao-dados-com-knime-cadastramento\/"]}]},{"@type":"ImageObject","inLanguage":"pt-BR","@id":"https:\/\/hupdata.com\/academy\/ebook-manipulacao-dados-com-knime-cadastramento\/#primaryimage","url":"https:\/\/hupdata.com\/academy\/wp-content\/uploads\/2020\/08\/Captura-de-Tela-2021-11-08-a\u0300s-11.36.28.png","contentUrl":"https:\/\/hupdata.com\/academy\/wp-content\/uploads\/2020\/08\/Captura-de-Tela-2021-11-08-a\u0300s-11.36.28.png","width":1928,"height":1372,"caption":"Capa Ebook Manipula\u00e7\u00e3o de Dados com Knime"},{"@type":"BreadcrumbList","@id":"https:\/\/hupdata.com\/academy\/ebook-manipulacao-dados-com-knime-cadastramento\/#breadcrumb","itemListElement":[{"@type":"ListItem","position":1,"name":"In\u00edcio","item":"https:\/\/hupdata.com\/academy\/"},{"@type":"ListItem","position":2,"name":"Ebook Manipula\u00e7\u00e3o de Dados com Knime: Cadastramento"}]},{"@type":"WebSite","@id":"https:\/\/hupdata.com\/academy\/#website","url":"https:\/\/hupdata.com\/academy\/","name":"HupData","description":"","publisher":{"@id":"https:\/\/hupdata.com\/academy\/#organization"},"potentialAction":[{"@type":"SearchAction","target":{"@type":"EntryPoint","urlTemplate":"https:\/\/hupdata.com\/academy\/?s={search_term_string}"},"query-input":{"@type":"PropertyValueSpecification","valueRequired":true,"valueName":"search_term_string"}}],"inLanguage":"pt-BR"},{"@type":"Organization","@id":"https:\/\/hupdata.com\/academy\/#organization","name":"Hupdaata","url":"https:\/\/hupdata.com\/academy\/","logo":{"@type":"ImageObject","inLanguage":"pt-BR","@id":"https:\/\/hupdata.com\/academy\/#\/schema\/logo\/image\/","url":"","contentUrl":"","caption":"Hupdaata"},"image":{"@id":"https:\/\/hupdata.com\/academy\/#\/schema\/logo\/image\/"},"sameAs":["https:\/\/www.facebook.com\/hupdata\/"]}]}},"_links":{"self":[{"href":"https:\/\/hupdata.com\/academy\/wp-json\/wp\/v2\/pages\/9706","targetHints":{"allow":["GET"]}}],"collection":[{"href":"https:\/\/hupdata.com\/academy\/wp-json\/wp\/v2\/pages"}],"about":[{"href":"https:\/\/hupdata.com\/academy\/wp-json\/wp\/v2\/types\/page"}],"author":[{"embeddable":true,"href":"https:\/\/hupdata.com\/academy\/wp-json\/wp\/v2\/users\/1"}],"replies":[{"embeddable":true,"href":"https:\/\/hupdata.com\/academy\/wp-json\/wp\/v2\/comments?post=9706"}],"version-history":[{"count":30,"href":"https:\/\/hupdata.com\/academy\/wp-json\/wp\/v2\/pages\/9706\/revisions"}],"predecessor-version":[{"id":14780,"href":"https:\/\/hupdata.com\/academy\/wp-json\/wp\/v2\/pages\/9706\/revisions\/14780"}],"wp:featuredmedia":[{"embeddable":true,"href":"https:\/\/hupdata.com\/academy\/wp-json\/wp\/v2\/media\/9701"}],"wp:attachment":[{"href":"https:\/\/hupdata.com\/academy\/wp-json\/wp\/v2\/media?parent=9706"}],"curies":[{"name":"wp","href":"https:\/\/api.w.org\/{rel}","templated":true}]}}